{"id":994,"date":"2021-04-07T19:38:01","date_gmt":"2021-04-07T17:38:01","guid":{"rendered":"http:\/\/club-nautique-pyreneen.fr\/?page_id=994"},"modified":"2023-05-05T21:47:57","modified_gmt":"2023-05-05T19:47:57","slug":"cours-particuliers","status":"publish","type":"page","link":"https:\/\/club-nautique-pyreneen.fr\/index.php\/cours-particuliers\/","title":{"rendered":"Cours particuliers"},"content":{"rendered":"<div class=\"entry-content\">\n<p><img loading=\"lazy\" decoding=\"async\" class=\"alignnone wp-image-7538 size-full\" src=\"https:\/\/club-nautique-pyreneen.fr\/wp-content\/uploads\/2023\/04\/flyerdesign_25042023_222151.jpg\" alt=\"\" width=\"1123\" height=\"794\" srcset=\"https:\/\/club-nautique-pyreneen.fr\/wp-content\/uploads\/2023\/04\/flyerdesign_25042023_222151.jpg 1123w, https:\/\/club-nautique-pyreneen.fr\/wp-content\/uploads\/2023\/04\/flyerdesign_25042023_222151-300x212.jpg 300w, https:\/\/club-nautique-pyreneen.fr\/wp-content\/uploads\/2023\/04\/flyerdesign_25042023_222151-1024x724.jpg 1024w, https:\/\/club-nautique-pyreneen.fr\/wp-content\/uploads\/2023\/04\/flyerdesign_25042023_222151-768x543.jpg 768w\" sizes=\"auto, (max-width: 1123px) 100vw, 1123px\" \/><\/p>\n<p>D\u00e8s que la base est ouverte, vous pouvez suivre des cours sur les diff\u00e9rents supports dont dispose le C.N.P :<\/p>\n<ul>\n<li>Planche \u00e0 voile<\/li>\n<li>Stand-up-paddle<\/li>\n<li>D\u00e9riveur mono-place<\/li>\n<li>D\u00e9riveur double<\/li>\n<li>Catamaran loisir<\/li>\n<li>Catamaran sport<\/li>\n<li>et WingFoil !<\/li>\n<\/ul>\n<p style=\"text-align: center;\">Pour cela, contactez <a href=\"https:\/\/nautisme-lacs-gabas.fr\/wordpress\/index.php\/nous-contacter\/\">Antoine<\/a>, notre chef de base.<\/p>\n<p style=\"text-align: center;\">Vous pourrez ensuite, selon votre niveau de pratique, utiliser ces diff\u00e9rents supports en autonomie.<\/p>\n<p><img loading=\"lazy\" decoding=\"async\" class=\"wp-image-7571  aligncenter\" src=\"https:\/\/club-nautique-pyreneen.fr\/wp-content\/uploads\/2023\/04\/flyerdesign_27042023_212919.jpg\" alt=\"\" width=\"651\" height=\"331\" \/><\/p>\n<\/div>\n","protected":false},"excerpt":{"rendered":"<p>D\u00e8s que la base est ouverte, vous pouvez suivre des cours sur les diff\u00e9rents supports dont dispose le C.N.P : Planche \u00e0 voile Stand-up-paddle D\u00e9riveur mono-place D\u00e9riveur double Catamaran loisir <a class=\"more-link\" href=\"https:\/\/club-nautique-pyreneen.fr\/index.php\/cours-particuliers\/\">Continue Reading &rarr;<\/a><\/p>\n","protected":false},"author":1,"featured_media":0,"parent":0,"menu_order":0,"comment_status":"closed","ping_status":"closed","template":"","meta":{"footnotes":""},"class_list":["post-994","page","type-page","status-publish","hentry"],"_links":{"self":[{"href":"https:\/\/club-nautique-pyreneen.fr\/index.php\/wp-json\/wp\/v2\/pages\/994","targetHints":{"allow":["GET"]}}],"collection":[{"href":"https:\/\/club-nautique-pyreneen.fr\/index.php\/wp-json\/wp\/v2\/pages"}],"about":[{"href":"https:\/\/club-nautique-pyreneen.fr\/index.php\/wp-json\/wp\/v2\/types\/page"}],"author":[{"embeddable":true,"href":"https:\/\/club-nautique-pyreneen.fr\/index.php\/wp-json\/wp\/v2\/users\/1"}],"replies":[{"embeddable":true,"href":"https:\/\/club-nautique-pyreneen.fr\/index.php\/wp-json\/wp\/v2\/comments?post=994"}],"version-history":[{"count":3,"href":"https:\/\/club-nautique-pyreneen.fr\/index.php\/wp-json\/wp\/v2\/pages\/994\/revisions"}],"predecessor-version":[{"id":7720,"href":"https:\/\/club-nautique-pyreneen.fr\/index.php\/wp-json\/wp\/v2\/pages\/994\/revisions\/7720"}],"wp:attachment":[{"href":"https:\/\/club-nautique-pyreneen.fr\/index.php\/wp-json\/wp\/v2\/media?parent=994"}],"curies":[{"name":"wp","href":"https:\/\/api.w.org\/{rel}","templated":true}]}}