{"id":992,"date":"2021-04-07T19:37:14","date_gmt":"2021-04-07T17:37:14","guid":{"rendered":"http:\/\/club-nautique-pyreneen.fr\/?page_id=992"},"modified":"2025-04-29T09:26:05","modified_gmt":"2025-04-29T07:26:05","slug":"stages","status":"publish","type":"page","link":"https:\/\/club-nautique-pyreneen.fr\/index.php\/stages\/","title":{"rendered":"Stages"},"content":{"rendered":"<h4 style=\"text-align: center;\"><span style=\"color: #0000ff;\">STAGES ET ACTIVITES<\/span><\/h4>\n<hr \/>\n<p style=\"text-align: center;\"><strong>STAGES ETE 2025<\/strong><\/p>\n<p><img loading=\"lazy\" decoding=\"async\" class=\"size-full wp-image-22559 aligncenter\" src=\"https:\/\/club-nautique-pyreneen.fr\/wp-content\/uploads\/2025\/04\/stage-ete-2025.jpg\" alt=\"\" width=\"720\" height=\"960\" srcset=\"https:\/\/club-nautique-pyreneen.fr\/wp-content\/uploads\/2025\/04\/stage-ete-2025.jpg 720w, https:\/\/club-nautique-pyreneen.fr\/wp-content\/uploads\/2025\/04\/stage-ete-2025-225x300.jpg 225w\" sizes=\"auto, (max-width: 720px) 100vw, 720px\" \/><\/p>\n<p style=\"text-align: center;\"><a href=\"https:\/\/club-nautique-pyreneen.fr\/wp-content\/uploads\/2025\/04\/Fiche-Stage-ete-2025.pdf\">Fiche Stage \u00e9t\u00e9 2025 : t\u00e9l\u00e9chargement ici<\/a><\/p>\n<p style=\"text-align: center;\">Questionnaire de sant\u00e9 ou certificat m\u00e9dical obligatoire pour l&rsquo;inscription ci-dessous<\/p>\n<p style=\"text-align: center;\"><a href=\"https:\/\/www.ffvoile.fr\/ffv\/web\/services\/medical\/documents\/Questionnaire_Sante_FFVoile_mineur.pdf\">https:\/\/www.ffvoile.fr\/ffv\/web\/services\/medical\/documents\/Questionnaire_Sante_FFVoile_mineur.pdf<\/a><\/p>\n<p style=\"text-align: center;\"><span style=\"color: #ff0000;\">le jardin du lac en video<\/span><\/p>\n<p style=\"text-align: center;\"><a href=\"https:\/\/youtu.be\/dDU-Xragzi4\">https:\/\/youtu.be\/dDU-Xragzi4<\/a><\/p>\n<p><img loading=\"lazy\" decoding=\"async\" class=\"wp-image-7571 aligncenter\" src=\"https:\/\/club-nautique-pyreneen.fr\/wp-content\/uploads\/2023\/04\/flyerdesign_27042023_212919.jpg\" alt=\"\" width=\"586\" height=\"298\" \/><\/p>\n<p><img loading=\"lazy\" decoding=\"async\" class=\"wp-image-7715 aligncenter\" src=\"https:\/\/club-nautique-pyreneen.fr\/wp-content\/uploads\/2023\/05\/Flyer_Maker_05052023_213223.jpg\" alt=\"\" width=\"592\" height=\"303\" \/><\/p>\n<p><img loading=\"lazy\" decoding=\"async\" class=\"wp-image-8354 aligncenter\" src=\"https:\/\/club-nautique-pyreneen.fr\/wp-content\/uploads\/2023\/06\/Flyer_Maker_11062023_154030.jpg\" alt=\"\" width=\"600\" height=\"307\" \/><\/p>\n<p>&nbsp;<\/p>\n<p style=\"text-align: center;\">Les informations relatives aux inscriptions aux stages apparaissent dans le fil d\u2019actualit\u00e9 \u00e0 droite de l&rsquo;\u00e9cran.<\/p>\n<p style=\"text-align: center;\">Ci-dessous, quelques photos des pr\u00e9c\u00e9dents stages :<\/p>\n<div id=\"attachment_1093\" style=\"width: 688px\" class=\"wp-caption aligncenter\"><img loading=\"lazy\" decoding=\"async\" aria-describedby=\"caption-attachment-1093\" class=\"wp-image-1093 size-large\" src=\"https:\/\/club-nautique-pyreneen.fr\/wp-content\/uploads\/2021\/04\/20210423_134144-1024x576.jpg\" alt=\"\" width=\"678\" height=\"381\" srcset=\"https:\/\/club-nautique-pyreneen.fr\/wp-content\/uploads\/2021\/04\/20210423_134144-1024x576.jpg 1024w, https:\/\/club-nautique-pyreneen.fr\/wp-content\/uploads\/2021\/04\/20210423_134144-300x169.jpg 300w, https:\/\/club-nautique-pyreneen.fr\/wp-content\/uploads\/2021\/04\/20210423_134144-768x432.jpg 768w, https:\/\/club-nautique-pyreneen.fr\/wp-content\/uploads\/2021\/04\/20210423_134144-1536x864.jpg 1536w, https:\/\/club-nautique-pyreneen.fr\/wp-content\/uploads\/2021\/04\/20210423_134144-2048x1152.jpg 2048w\" sizes=\"auto, (max-width: 678px) 100vw, 678px\" \/><p id=\"caption-attachment-1093\" class=\"wp-caption-text\">Accueil et inscriptions par les jeunes du club, \u00c9l\u00e9onore, Ilies et Lilou.<\/p><\/div>\n<div id=\"attachment_1087\" style=\"width: 688px\" class=\"wp-caption aligncenter\"><img loading=\"lazy\" decoding=\"async\" aria-describedby=\"caption-attachment-1087\" class=\"wp-image-1087 size-large\" src=\"https:\/\/club-nautique-pyreneen.fr\/wp-content\/uploads\/2021\/04\/20210422_143138-1024x576.jpg\" alt=\"\" width=\"678\" height=\"381\" srcset=\"https:\/\/club-nautique-pyreneen.fr\/wp-content\/uploads\/2021\/04\/20210422_143138-1024x576.jpg 1024w, https:\/\/club-nautique-pyreneen.fr\/wp-content\/uploads\/2021\/04\/20210422_143138-300x169.jpg 300w, https:\/\/club-nautique-pyreneen.fr\/wp-content\/uploads\/2021\/04\/20210422_143138-768x432.jpg 768w, https:\/\/club-nautique-pyreneen.fr\/wp-content\/uploads\/2021\/04\/20210422_143138-1536x864.jpg 1536w, https:\/\/club-nautique-pyreneen.fr\/wp-content\/uploads\/2021\/04\/20210422_143138-2048x1152.jpg 2048w\" sizes=\"auto, (max-width: 678px) 100vw, 678px\" \/><p id=\"caption-attachment-1087\" class=\"wp-caption-text\">Exercice de s\u00e9curit\u00e9 : remorquage<\/p><\/div>\n<div id=\"attachment_1088\" style=\"width: 688px\" class=\"wp-caption aligncenter\"><img loading=\"lazy\" decoding=\"async\" aria-describedby=\"caption-attachment-1088\" class=\"wp-image-1088 size-large\" src=\"https:\/\/club-nautique-pyreneen.fr\/wp-content\/uploads\/2021\/04\/20210422_135026-1024x576.jpg\" alt=\"\" width=\"678\" height=\"381\" srcset=\"https:\/\/club-nautique-pyreneen.fr\/wp-content\/uploads\/2021\/04\/20210422_135026-1024x576.jpg 1024w, https:\/\/club-nautique-pyreneen.fr\/wp-content\/uploads\/2021\/04\/20210422_135026-300x169.jpg 300w, https:\/\/club-nautique-pyreneen.fr\/wp-content\/uploads\/2021\/04\/20210422_135026-768x432.jpg 768w, https:\/\/club-nautique-pyreneen.fr\/wp-content\/uploads\/2021\/04\/20210422_135026-1536x864.jpg 1536w, https:\/\/club-nautique-pyreneen.fr\/wp-content\/uploads\/2021\/04\/20210422_135026-2048x1152.jpg 2048w\" sizes=\"auto, (max-width: 678px) 100vw, 678px\" \/><p id=\"caption-attachment-1088\" class=\"wp-caption-text\">Briefing \u00e0 terre par Ang\u00e9lina, aide monitrice<\/p><\/div>\n<div id=\"attachment_1100\" style=\"width: 688px\" class=\"wp-caption aligncenter\"><img loading=\"lazy\" decoding=\"async\" aria-describedby=\"caption-attachment-1100\" class=\"wp-image-1100 size-large\" src=\"https:\/\/club-nautique-pyreneen.fr\/wp-content\/uploads\/2021\/04\/20210423_123440-1024x576.jpg\" alt=\"\" width=\"678\" height=\"381\" srcset=\"https:\/\/club-nautique-pyreneen.fr\/wp-content\/uploads\/2021\/04\/20210423_123440-1024x576.jpg 1024w, https:\/\/club-nautique-pyreneen.fr\/wp-content\/uploads\/2021\/04\/20210423_123440-300x169.jpg 300w, https:\/\/club-nautique-pyreneen.fr\/wp-content\/uploads\/2021\/04\/20210423_123440-768x432.jpg 768w, https:\/\/club-nautique-pyreneen.fr\/wp-content\/uploads\/2021\/04\/20210423_123440-1536x864.jpg 1536w, https:\/\/club-nautique-pyreneen.fr\/wp-content\/uploads\/2021\/04\/20210423_123440-2048x1152.jpg 2048w\" sizes=\"auto, (max-width: 678px) 100vw, 678px\" \/><p id=\"caption-attachment-1100\" class=\"wp-caption-text\">Pause pique-nique<\/p><\/div>\n<div id=\"attachment_1086\" style=\"width: 688px\" class=\"wp-caption aligncenter\"><img loading=\"lazy\" decoding=\"async\" aria-describedby=\"caption-attachment-1086\" class=\"wp-image-1086 size-large\" src=\"https:\/\/club-nautique-pyreneen.fr\/wp-content\/uploads\/2021\/04\/20210416_155331-1024x576.jpg\" alt=\"\" width=\"678\" height=\"381\" srcset=\"https:\/\/club-nautique-pyreneen.fr\/wp-content\/uploads\/2021\/04\/20210416_155331-1024x576.jpg 1024w, https:\/\/club-nautique-pyreneen.fr\/wp-content\/uploads\/2021\/04\/20210416_155331-300x169.jpg 300w, https:\/\/club-nautique-pyreneen.fr\/wp-content\/uploads\/2021\/04\/20210416_155331-768x432.jpg 768w, https:\/\/club-nautique-pyreneen.fr\/wp-content\/uploads\/2021\/04\/20210416_155331-1536x864.jpg 1536w, https:\/\/club-nautique-pyreneen.fr\/wp-content\/uploads\/2021\/04\/20210416_155331-2048x1152.jpg 2048w\" sizes=\"auto, (max-width: 678px) 100vw, 678px\" \/><p id=\"caption-attachment-1086\" class=\"wp-caption-text\">Briefing \u00e0 terre avec Antoine notre chef de base<\/p><\/div>\n<div id=\"attachment_1089\" style=\"width: 688px\" class=\"wp-caption aligncenter\"><img loading=\"lazy\" decoding=\"async\" aria-describedby=\"caption-attachment-1089\" class=\"wp-image-1089 size-large\" src=\"https:\/\/club-nautique-pyreneen.fr\/wp-content\/uploads\/2021\/04\/20210422_141926-1024x576.jpg\" alt=\"\" width=\"678\" height=\"381\" srcset=\"https:\/\/club-nautique-pyreneen.fr\/wp-content\/uploads\/2021\/04\/20210422_141926-1024x576.jpg 1024w, https:\/\/club-nautique-pyreneen.fr\/wp-content\/uploads\/2021\/04\/20210422_141926-300x169.jpg 300w, https:\/\/club-nautique-pyreneen.fr\/wp-content\/uploads\/2021\/04\/20210422_141926-768x432.jpg 768w, https:\/\/club-nautique-pyreneen.fr\/wp-content\/uploads\/2021\/04\/20210422_141926-1536x864.jpg 1536w, https:\/\/club-nautique-pyreneen.fr\/wp-content\/uploads\/2021\/04\/20210422_141926-2048x1152.jpg 2048w\" sizes=\"auto, (max-width: 678px) 100vw, 678px\" \/><p id=\"caption-attachment-1089\" class=\"wp-caption-text\">Un jeu sur l&rsquo;eau<\/p><\/div>\n<p><img loading=\"lazy\" decoding=\"async\" class=\"wp-image-1094 size-large aligncenter\" src=\"https:\/\/club-nautique-pyreneen.fr\/wp-content\/uploads\/2021\/04\/20210423_115226-1024x314.jpg\" alt=\"\" width=\"678\" height=\"208\" srcset=\"https:\/\/club-nautique-pyreneen.fr\/wp-content\/uploads\/2021\/04\/20210423_115226-1024x314.jpg 1024w, https:\/\/club-nautique-pyreneen.fr\/wp-content\/uploads\/2021\/04\/20210423_115226-300x92.jpg 300w, https:\/\/club-nautique-pyreneen.fr\/wp-content\/uploads\/2021\/04\/20210423_115226-768x235.jpg 768w, https:\/\/club-nautique-pyreneen.fr\/wp-content\/uploads\/2021\/04\/20210423_115226-1536x471.jpg 1536w, https:\/\/club-nautique-pyreneen.fr\/wp-content\/uploads\/2021\/04\/20210423_115226-2048x628.jpg 2048w\" sizes=\"auto, (max-width: 678px) 100vw, 678px\" \/><\/p>\n","protected":false},"excerpt":{"rendered":"<p>STAGES ET ACTIVITES STAGES ETE 2025 Fiche Stage \u00e9t\u00e9 2025 : t\u00e9l\u00e9chargement ici Questionnaire de sant\u00e9 ou certificat m\u00e9dical obligatoire pour l&rsquo;inscription ci-dessous https:\/\/www.ffvoile.fr\/ffv\/web\/services\/medical\/documents\/Questionnaire_Sante_FFVoile_mineur.pdf le jardin du lac en video <a class=\"more-link\" href=\"https:\/\/club-nautique-pyreneen.fr\/index.php\/stages\/\">Continue Reading &rarr;<\/a><\/p>\n","protected":false},"author":1,"featured_media":0,"parent":0,"menu_order":0,"comment_status":"closed","ping_status":"closed","template":"","meta":{"footnotes":""},"class_list":["post-992","page","type-page","status-publish","hentry"],"_links":{"self":[{"href":"https:\/\/club-nautique-pyreneen.fr\/index.php\/wp-json\/wp\/v2\/pages\/992","targetHints":{"allow":["GET"]}}],"collection":[{"href":"https:\/\/club-nautique-pyreneen.fr\/index.php\/wp-json\/wp\/v2\/pages"}],"about":[{"href":"https:\/\/club-nautique-pyreneen.fr\/index.php\/wp-json\/wp\/v2\/types\/page"}],"author":[{"embeddable":true,"href":"https:\/\/club-nautique-pyreneen.fr\/index.php\/wp-json\/wp\/v2\/users\/1"}],"replies":[{"embeddable":true,"href":"https:\/\/club-nautique-pyreneen.fr\/index.php\/wp-json\/wp\/v2\/comments?post=992"}],"version-history":[{"count":61,"href":"https:\/\/club-nautique-pyreneen.fr\/index.php\/wp-json\/wp\/v2\/pages\/992\/revisions"}],"predecessor-version":[{"id":22561,"href":"https:\/\/club-nautique-pyreneen.fr\/index.php\/wp-json\/wp\/v2\/pages\/992\/revisions\/22561"}],"wp:attachment":[{"href":"https:\/\/club-nautique-pyreneen.fr\/index.php\/wp-json\/wp\/v2\/media?parent=992"}],"curies":[{"name":"wp","href":"https:\/\/api.w.org\/{rel}","templated":true}]}}