{"id":908,"date":"2021-03-16T15:16:52","date_gmt":"2021-03-16T14:16:52","guid":{"rendered":"http:\/\/club-nautique-pyreneen.fr\/?page_id=908"},"modified":"2021-03-20T09:00:31","modified_gmt":"2021-03-20T08:00:31","slug":"regles-et-reglages","status":"publish","type":"page","link":"https:\/\/club-nautique-pyreneen.fr\/index.php\/regles-et-reglages\/","title":{"rendered":"R\u00e8gles et R\u00e8glages"},"content":{"rendered":"<p>Un rappel sur support \u00e0 imprimer ici : <a href=\"https:\/\/club-nautique-pyreneen.fr\/wp-content\/uploads\/2020\/10\/RIR.pdf\" target=\"_blank\" rel=\"noopener\"><img loading=\"lazy\" decoding=\"async\" class=\"alignnone wp-image-788\" src=\"https:\/\/club-nautique-pyreneen.fr\/wp-content\/uploads\/2020\/10\/Logo-3-couleurs-cnp.gif\" alt=\"\" width=\"57\" height=\"40\" \/><\/a><\/p>\n<p>Un rappel des pavillons de r\u00e9gate ici : <a href=\"https:\/\/club-nautique-pyreneen.fr\/wp-content\/uploads\/2020\/10\/Pavillons-de-regate.pdf\" target=\"_blank\" rel=\"noopener\"><img loading=\"lazy\" decoding=\"async\" class=\"alignnone wp-image-788\" src=\"https:\/\/club-nautique-pyreneen.fr\/wp-content\/uploads\/2020\/10\/Logo-3-couleurs-cnp.gif\" alt=\"\" width=\"57\" height=\"40\" \/><\/a><\/p>\n<p>Les essentiels du jeune r\u00e9gatier :\u00a0 <a href=\"https:\/\/club-nautique-pyreneen.fr\/wp-content\/uploads\/2020\/10\/les-essentiels-du-jeune-regatier.pdf\" target=\"_blank\" rel=\"noopener\"><img loading=\"lazy\" decoding=\"async\" class=\"alignnone wp-image-788\" src=\"https:\/\/club-nautique-pyreneen.fr\/wp-content\/uploads\/2020\/10\/Logo-3-couleurs-cnp.gif\" alt=\"\" width=\"59\" height=\"41\" \/><\/a><\/p>\n<p>Les R\u00e9glages de voile :<a href=\"https:\/\/club-nautique-pyreneen.fr\/wp-content\/uploads\/2020\/11\/Reglages-de-voile.pdf\" target=\"_blank\" rel=\"noopener\">1<img loading=\"lazy\" decoding=\"async\" class=\"alignnone wp-image-788\" src=\"https:\/\/club-nautique-pyreneen.fr\/wp-content\/uploads\/2020\/10\/Logo-3-couleurs-cnp.gif\" alt=\"\" width=\"67\" height=\"47\" \/><\/a> (1\u00e8re page blanche !) et 2<a href=\"https:\/\/club-nautique-pyreneen.fr\/wp-content\/uploads\/2020\/11\/bases_reglages_des_voiles_jade_voile_0.pdf\" target=\"_blank\" rel=\"noopener\"><img loading=\"lazy\" decoding=\"async\" class=\"alignnone wp-image-788\" src=\"https:\/\/club-nautique-pyreneen.fr\/wp-content\/uploads\/2020\/10\/Logo-3-couleurs-cnp.gif\" alt=\"\" width=\"64\" height=\"45\" \/><\/a><\/p>\n<p>Et encore ici un test de vos connaissances des r\u00e8gles de course : <a href=\"https:\/\/claco-ffv.univ-lyon1.fr\/resource\/open\/ujm_exercise\/63759#\/\" target=\"_blank\" rel=\"noopener\"><img loading=\"lazy\" decoding=\"async\" class=\"alignnone wp-image-791\" src=\"https:\/\/club-nautique-pyreneen.fr\/wp-content\/uploads\/2020\/10\/colorful-catamaran-vectors.jpg\" alt=\"\" width=\"69\" height=\"76\" \/><\/a><\/p>\n","protected":false},"excerpt":{"rendered":"<p>Un rappel sur support \u00e0 imprimer ici : Un rappel des pavillons de r\u00e9gate ici : Les essentiels du jeune r\u00e9gatier :\u00a0 Les R\u00e9glages de voile :1 (1\u00e8re page blanche <a class=\"more-link\" href=\"https:\/\/club-nautique-pyreneen.fr\/index.php\/regles-et-reglages\/\">Continue Reading &rarr;<\/a><\/p>\n","protected":false},"author":3,"featured_media":0,"parent":0,"menu_order":0,"comment_status":"closed","ping_status":"closed","template":"","meta":{"footnotes":""},"class_list":["post-908","page","type-page","status-publish","hentry"],"_links":{"self":[{"href":"https:\/\/club-nautique-pyreneen.fr\/index.php\/wp-json\/wp\/v2\/pages\/908","targetHints":{"allow":["GET"]}}],"collection":[{"href":"https:\/\/club-nautique-pyreneen.fr\/index.php\/wp-json\/wp\/v2\/pages"}],"about":[{"href":"https:\/\/club-nautique-pyreneen.fr\/index.php\/wp-json\/wp\/v2\/types\/page"}],"author":[{"embeddable":true,"href":"https:\/\/club-nautique-pyreneen.fr\/index.php\/wp-json\/wp\/v2\/users\/3"}],"replies":[{"embeddable":true,"href":"https:\/\/club-nautique-pyreneen.fr\/index.php\/wp-json\/wp\/v2\/comments?post=908"}],"version-history":[{"count":3,"href":"https:\/\/club-nautique-pyreneen.fr\/index.php\/wp-json\/wp\/v2\/pages\/908\/revisions"}],"predecessor-version":[{"id":926,"href":"https:\/\/club-nautique-pyreneen.fr\/index.php\/wp-json\/wp\/v2\/pages\/908\/revisions\/926"}],"wp:attachment":[{"href":"https:\/\/club-nautique-pyreneen.fr\/index.php\/wp-json\/wp\/v2\/media?parent=908"}],"curies":[{"name":"wp","href":"https:\/\/api.w.org\/{rel}","templated":true}]}}