{"id":667,"date":"2020-04-25T20:02:33","date_gmt":"2020-04-25T18:02:33","guid":{"rendered":"http:\/\/club-nautique-pyreneen.fr\/?page_id=667"},"modified":"2023-02-16T19:59:48","modified_gmt":"2023-02-16T18:59:48","slug":"videos","status":"publish","type":"page","link":"https:\/\/club-nautique-pyreneen.fr\/index.php\/jeux\/videos\/","title":{"rendered":"Vid\u00e9os"},"content":{"rendered":"<p><iframe loading=\"lazy\" title=\"YouTube video player\" src=\"https:\/\/www.youtube.com\/embed\/hyAR6o2B-RA\" width=\"727\" height=\"409\" frameborder=\"0\" allowfullscreen=\"allowfullscreen\"><\/iframe><\/p>\n<p><iframe loading=\"lazy\" title=\"Presentation CNP\" width=\"678\" height=\"381\" src=\"https:\/\/www.youtube.com\/embed\/BiPKrIKb3lA?feature=oembed\" frameborder=\"0\" allow=\"accelerometer; autoplay; clipboard-write; encrypted-media; gyroscope; picture-in-picture; web-share\" allowfullscreen><\/iframe><\/p>\n<p>&nbsp;<\/p>\n<p><iframe loading=\"lazy\" title=\"criterium des pyrenees 2022\" width=\"678\" height=\"381\" src=\"https:\/\/www.youtube.com\/embed\/jERNB0bkBB0?feature=oembed\" frameborder=\"0\" allow=\"accelerometer; autoplay; clipboard-write; encrypted-media; gyroscope; picture-in-picture; web-share\" allowfullscreen><\/iframe><\/p>\n<p>&nbsp;<\/p>\n<p><iframe loading=\"lazy\" title=\"VINTAGE CUP 2023\" width=\"678\" height=\"381\" src=\"https:\/\/www.youtube.com\/embed\/-5jLAmRZcg8?feature=oembed\" frameborder=\"0\" allow=\"accelerometer; autoplay; clipboard-write; encrypted-media; gyroscope; picture-in-picture; web-share\" allowfullscreen><\/iframe><\/p>\n<p><iframe loading=\"lazy\" title=\"le club nautique pyr\u00e9n\u00e9en en d\u00e9placement \u00e0 la base laurens de soustons .\" width=\"678\" height=\"381\" src=\"https:\/\/www.youtube.com\/embed\/szOii375Sq4?feature=oembed\" frameborder=\"0\" allow=\"accelerometer; autoplay; clipboard-write; encrypted-media; gyroscope; picture-in-picture; web-share\" allowfullscreen><\/iframe><\/p>\n<p><iframe loading=\"lazy\" title=\"r\u00e9gate du tariquet 2022\" width=\"678\" height=\"381\" src=\"https:\/\/www.youtube.com\/embed\/kJvWsoXG42Y?feature=oembed\" frameborder=\"0\" allow=\"accelerometer; autoplay; clipboard-write; encrypted-media; gyroscope; picture-in-picture; web-share\" allowfullscreen><\/iframe><\/p>\n","protected":false},"excerpt":{"rendered":"<p>&nbsp; &nbsp;<\/p>\n","protected":false},"author":3,"featured_media":0,"parent":665,"menu_order":0,"comment_status":"closed","ping_status":"closed","template":"","meta":{"footnotes":""},"class_list":["post-667","page","type-page","status-publish","hentry"],"_links":{"self":[{"href":"https:\/\/club-nautique-pyreneen.fr\/index.php\/wp-json\/wp\/v2\/pages\/667","targetHints":{"allow":["GET"]}}],"collection":[{"href":"https:\/\/club-nautique-pyreneen.fr\/index.php\/wp-json\/wp\/v2\/pages"}],"about":[{"href":"https:\/\/club-nautique-pyreneen.fr\/index.php\/wp-json\/wp\/v2\/types\/page"}],"author":[{"embeddable":true,"href":"https:\/\/club-nautique-pyreneen.fr\/index.php\/wp-json\/wp\/v2\/users\/3"}],"replies":[{"embeddable":true,"href":"https:\/\/club-nautique-pyreneen.fr\/index.php\/wp-json\/wp\/v2\/comments?post=667"}],"version-history":[{"count":14,"href":"https:\/\/club-nautique-pyreneen.fr\/index.php\/wp-json\/wp\/v2\/pages\/667\/revisions"}],"predecessor-version":[{"id":6391,"href":"https:\/\/club-nautique-pyreneen.fr\/index.php\/wp-json\/wp\/v2\/pages\/667\/revisions\/6391"}],"up":[{"embeddable":true,"href":"https:\/\/club-nautique-pyreneen.fr\/index.php\/wp-json\/wp\/v2\/pages\/665"}],"wp:attachment":[{"href":"https:\/\/club-nautique-pyreneen.fr\/index.php\/wp-json\/wp\/v2\/media?parent=667"}],"curies":[{"name":"wp","href":"https:\/\/api.w.org\/{rel}","templated":true}]}}