{"id":665,"date":"2020-04-25T20:02:04","date_gmt":"2020-04-25T18:02:04","guid":{"rendered":"http:\/\/club-nautique-pyreneen.fr\/?page_id=665"},"modified":"2021-08-08T17:46:33","modified_gmt":"2021-08-08T15:46:33","slug":"jeux","status":"publish","type":"page","link":"https:\/\/club-nautique-pyreneen.fr\/index.php\/jeux\/","title":{"rendered":"Jeux"},"content":{"rendered":"<p>Jeu de r\u00e8gles de la r\u00e9gate ici: <a href=\"http:\/\/game.finckh.net\/indexf.htm\" target=\"_blank\" rel=\"noopener\"><img loading=\"lazy\" decoding=\"async\" class=\"alignnone wp-image-791\" src=\"https:\/\/club-nautique-pyreneen.fr\/wp-content\/uploads\/2020\/10\/colorful-catamaran-vectors.jpg\" alt=\"\" width=\"66\" height=\"72\" \/><\/a><\/p>\n<p>Et encore ici un test de vos connaissances des r\u00e8gles de course : <a href=\"https:\/\/claco-ffv.univ-lyon1.fr\/resource\/open\/ujm_exercise\/63759#\/\" target=\"_blank\" rel=\"noopener\"><img loading=\"lazy\" decoding=\"async\" class=\"alignnone wp-image-791\" src=\"https:\/\/club-nautique-pyreneen.fr\/wp-content\/uploads\/2020\/10\/colorful-catamaran-vectors.jpg\" alt=\"\" width=\"69\" height=\"76\" \/><\/a><\/p>\n","protected":false},"excerpt":{"rendered":"<p>Jeu de r\u00e8gles de la r\u00e9gate ici: Et encore ici un test de vos connaissances des r\u00e8gles de course :<\/p>\n","protected":false},"author":3,"featured_media":0,"parent":0,"menu_order":0,"comment_status":"closed","ping_status":"closed","template":"","meta":{"footnotes":""},"class_list":["post-665","page","type-page","status-publish","hentry"],"_links":{"self":[{"href":"https:\/\/club-nautique-pyreneen.fr\/index.php\/wp-json\/wp\/v2\/pages\/665","targetHints":{"allow":["GET"]}}],"collection":[{"href":"https:\/\/club-nautique-pyreneen.fr\/index.php\/wp-json\/wp\/v2\/pages"}],"about":[{"href":"https:\/\/club-nautique-pyreneen.fr\/index.php\/wp-json\/wp\/v2\/types\/page"}],"author":[{"embeddable":true,"href":"https:\/\/club-nautique-pyreneen.fr\/index.php\/wp-json\/wp\/v2\/users\/3"}],"replies":[{"embeddable":true,"href":"https:\/\/club-nautique-pyreneen.fr\/index.php\/wp-json\/wp\/v2\/comments?post=665"}],"version-history":[{"count":9,"href":"https:\/\/club-nautique-pyreneen.fr\/index.php\/wp-json\/wp\/v2\/pages\/665\/revisions"}],"predecessor-version":[{"id":1280,"href":"https:\/\/club-nautique-pyreneen.fr\/index.php\/wp-json\/wp\/v2\/pages\/665\/revisions\/1280"}],"wp:attachment":[{"href":"https:\/\/club-nautique-pyreneen.fr\/index.php\/wp-json\/wp\/v2\/media?parent=665"}],"curies":[{"name":"wp","href":"https:\/\/api.w.org\/{rel}","templated":true}]}}