{"id":354,"date":"2019-04-22T09:13:22","date_gmt":"2019-04-22T07:13:22","guid":{"rendered":"http:\/\/club-nautique-pyreneen.fr\/?page_id=354"},"modified":"2023-03-30T21:28:16","modified_gmt":"2023-03-30T19:28:16","slug":"resultats-de-competitions","status":"publish","type":"page","link":"https:\/\/club-nautique-pyreneen.fr\/index.php\/resultats-de-competitions\/","title":{"rendered":"R\u00e9sultats de Comp\u00e9titions"},"content":{"rendered":"<p style=\"text-align: center;\">Vous trouverez ici les r\u00e9sultats des R\u00e9gates organis\u00e9es par le CNP et les r\u00e9sultats des comp\u00e9titions auxquelles nos membres ont particip\u00e9.<\/p>\n<p><img loading=\"lazy\" decoding=\"async\" class=\"wp-image-6983  aligncenter\" src=\"https:\/\/club-nautique-pyreneen.fr\/wp-content\/uploads\/2023\/03\/flyerdesign_30032023_211924.jpg\" alt=\"\" width=\"714\" height=\"876\" \/><\/p>\n<h3 style=\"text-align: center;\"><span style=\"color: #0000ff;\">troph\u00e9e Thierry Beriou<\/span><\/h3>\n<p><img loading=\"lazy\" decoding=\"async\" class=\"wp-image-3004 aligncenter\" src=\"https:\/\/club-nautique-pyreneen.fr\/wp-content\/uploads\/2022\/06\/flyerdesign_26062022_115701.jpg\" alt=\"\" width=\"720\" height=\"884\" \/><\/p>\n<hr \/>\n<h4 style=\"text-align: center;\"><a href=\"https:\/\/club-nautique-pyreneen.fr\/wp-content\/uploads\/2021\/11\/cfhvd_general.pdf\" target=\"_blank\" rel=\"noopener\">Championnat de France Handivalide en double sur Hansa 303 et solitaire \u00e0 Moisson Lavacourt du 03 au 06 juin 2022: un milieu de tableau pour nos deux \u00e9quipages qui ont port\u00e9s nos couleurs : Bravo !<\/a><\/h4>\n<p><img loading=\"lazy\" decoding=\"async\" class=\"alignnone wp-image-2659 aligncenter\" src=\"https:\/\/club-nautique-pyreneen.fr\/wp-content\/uploads\/2022\/06\/1654715468821.jpg\" alt=\"\" width=\"252\" height=\"195\" \/><img loading=\"lazy\" decoding=\"async\" class=\"alignnone wp-image-2658 aligncenter\" src=\"https:\/\/club-nautique-pyreneen.fr\/wp-content\/uploads\/2022\/06\/IMG_20220604_215205.jpg\" alt=\"\" width=\"310\" height=\"210\" \/><\/p>\n<h3 style=\"text-align: center;\"><a href=\"https:\/\/www.ffvoile.fr\/ffv\/sportif\/calendrier\/Fiche_Detail.aspx?id=114036\">R\u00e9sultats ici<\/a><\/h3>\n<hr \/>\n<h2 style=\"text-align: center;\"><span style=\"color: #ff00ff;\"><strong>la GABAS VINTAGE CUP<\/strong><\/span><\/h2>\n<p><img loading=\"lazy\" decoding=\"async\" class=\"alignnone wp-image-2694 size-full\" src=\"https:\/\/club-nautique-pyreneen.fr\/wp-content\/uploads\/2022\/06\/IMG_20220613_170151.jpg\" alt=\"\" width=\"911\" height=\"1509\" srcset=\"https:\/\/club-nautique-pyreneen.fr\/wp-content\/uploads\/2022\/06\/IMG_20220613_170151.jpg 911w, https:\/\/club-nautique-pyreneen.fr\/wp-content\/uploads\/2022\/06\/IMG_20220613_170151-181x300.jpg 181w, https:\/\/club-nautique-pyreneen.fr\/wp-content\/uploads\/2022\/06\/IMG_20220613_170151-618x1024.jpg 618w, https:\/\/club-nautique-pyreneen.fr\/wp-content\/uploads\/2022\/06\/IMG_20220613_170151-768x1272.jpg 768w\" sizes=\"auto, (max-width: 911px) 100vw, 911px\" \/>\u00a0 \u00a0 \u00a0 <img loading=\"lazy\" decoding=\"async\" class=\"alignnone wp-image-2519 \" src=\"https:\/\/club-nautique-pyreneen.fr\/wp-content\/uploads\/2022\/06\/1653981153696.jpg\" alt=\"\" width=\"386\" height=\"172\" \/><img loading=\"lazy\" decoding=\"async\" class=\"alignnone wp-image-2518 \" src=\"https:\/\/club-nautique-pyreneen.fr\/wp-content\/uploads\/2022\/06\/1653927068485-scaled.jpg\" alt=\"\" width=\"340\" height=\"195\" \/><\/p>\n<p style=\"text-align: center;\"><img loading=\"lazy\" decoding=\"async\" class=\"alignnone wp-image-2526 size-full\" src=\"https:\/\/club-nautique-pyreneen.fr\/wp-content\/uploads\/2022\/06\/flyerdesign_04062022_170355.jpg\" alt=\"\" width=\"1300\" height=\"1600\" srcset=\"https:\/\/club-nautique-pyreneen.fr\/wp-content\/uploads\/2022\/06\/flyerdesign_04062022_170355.jpg 1300w, https:\/\/club-nautique-pyreneen.fr\/wp-content\/uploads\/2022\/06\/flyerdesign_04062022_170355-244x300.jpg 244w, https:\/\/club-nautique-pyreneen.fr\/wp-content\/uploads\/2022\/06\/flyerdesign_04062022_170355-832x1024.jpg 832w, https:\/\/club-nautique-pyreneen.fr\/wp-content\/uploads\/2022\/06\/flyerdesign_04062022_170355-768x945.jpg 768w, https:\/\/club-nautique-pyreneen.fr\/wp-content\/uploads\/2022\/06\/flyerdesign_04062022_170355-1248x1536.jpg 1248w\" sizes=\"auto, (max-width: 1300px) 100vw, 1300px\" \/><\/p>\n<hr \/>\n<p style=\"text-align: center;\">regate duTariquet 08\/05\/2022<\/p>\n<p style=\"text-align: center;\"><img loading=\"lazy\" decoding=\"async\" class=\"alignnone size-medium wp-image-2065\" src=\"https:\/\/club-nautique-pyreneen.fr\/wp-content\/uploads\/2022\/05\/DSC_0011-300x148.jpg\" alt=\"\" width=\"300\" height=\"148\" srcset=\"https:\/\/club-nautique-pyreneen.fr\/wp-content\/uploads\/2022\/05\/DSC_0011-300x148.jpg 300w, https:\/\/club-nautique-pyreneen.fr\/wp-content\/uploads\/2022\/05\/DSC_0011-1024x505.jpg 1024w, https:\/\/club-nautique-pyreneen.fr\/wp-content\/uploads\/2022\/05\/DSC_0011-768x379.jpg 768w, https:\/\/club-nautique-pyreneen.fr\/wp-content\/uploads\/2022\/05\/DSC_0011-1536x758.jpg 1536w, https:\/\/club-nautique-pyreneen.fr\/wp-content\/uploads\/2022\/05\/DSC_0011-2048x1010.jpg 2048w\" sizes=\"auto, (max-width: 300px) 100vw, 300px\" \/><\/p>\n<p style=\"text-align: center;\">resultats r\u00e9gate du Tariquet \u00e0 Thoux st cricq o\u00f9 6 jeunes du CNP ont particip\u00e9<\/p>\n<p><img loading=\"lazy\" decoding=\"async\" class=\"alignnone size-full wp-image-2067 aligncenter\" src=\"https:\/\/club-nautique-pyreneen.fr\/wp-content\/uploads\/2022\/05\/9331.jpg\" alt=\"\" width=\"270\" height=\"198\" \/><img loading=\"lazy\" decoding=\"async\" class=\"alignnone size-full wp-image-2068 aligncenter\" src=\"https:\/\/club-nautique-pyreneen.fr\/wp-content\/uploads\/2022\/05\/9332.jpg\" alt=\"\" width=\"270\" height=\"274\" \/><\/p>\n<hr \/>\n<h4 style=\"text-align: center;\"><a href=\"https:\/\/club-nautique-pyreneen.fr\/wp-content\/uploads\/2021\/11\/cfhvd_general.pdf\" target=\"_blank\" rel=\"noopener\">R\u00e9gate crit\u00e9rium d\u00e9partemental des Pyr\u00e9n\u00e9es 23\/04\/2022<\/a><\/h4>\n<p><img loading=\"lazy\" decoding=\"async\" class=\"alignnone size-large wp-image-1866\" src=\"https:\/\/club-nautique-pyreneen.fr\/wp-content\/uploads\/2022\/04\/Resultats-IND-solitaire-1024x597.jpg\" alt=\"\" width=\"678\" height=\"395\" srcset=\"https:\/\/club-nautique-pyreneen.fr\/wp-content\/uploads\/2022\/04\/Resultats-IND-solitaire-1024x597.jpg 1024w, https:\/\/club-nautique-pyreneen.fr\/wp-content\/uploads\/2022\/04\/Resultats-IND-solitaire-300x175.jpg 300w, https:\/\/club-nautique-pyreneen.fr\/wp-content\/uploads\/2022\/04\/Resultats-IND-solitaire-768x448.jpg 768w, https:\/\/club-nautique-pyreneen.fr\/wp-content\/uploads\/2022\/04\/Resultats-IND-solitaire.jpg 1155w\" sizes=\"auto, (max-width: 678px) 100vw, 678px\" \/><img loading=\"lazy\" decoding=\"async\" class=\"alignnone size-large wp-image-1867\" src=\"https:\/\/club-nautique-pyreneen.fr\/wp-content\/uploads\/2022\/04\/Resultats-IND-Doubles-1024x423.jpg\" alt=\"\" width=\"678\" height=\"280\" srcset=\"https:\/\/club-nautique-pyreneen.fr\/wp-content\/uploads\/2022\/04\/Resultats-IND-Doubles-1024x423.jpg 1024w, https:\/\/club-nautique-pyreneen.fr\/wp-content\/uploads\/2022\/04\/Resultats-IND-Doubles-300x124.jpg 300w, https:\/\/club-nautique-pyreneen.fr\/wp-content\/uploads\/2022\/04\/Resultats-IND-Doubles-768x317.jpg 768w, https:\/\/club-nautique-pyreneen.fr\/wp-content\/uploads\/2022\/04\/Resultats-IND-Doubles.jpg 1171w\" sizes=\"auto, (max-width: 678px) 100vw, 678px\" \/><\/p>\n<p>Les photos de la r\u00e9gate : <a href=\"https:\/\/photos.app.goo.gl\/vaHcGYmfZJmxASaD8\">https:\/\/photos.app.goo.gl\/vaHcGYmfZJmxASaD8<\/a><\/p>\n<hr \/>\n<h4 style=\"text-align: center;\"><a href=\"https:\/\/club-nautique-pyreneen.fr\/wp-content\/uploads\/2021\/11\/cfhvd_general.pdf\" target=\"_blank\" rel=\"noopener\"><br \/>\nChampionnat de France Handivalide en double sur Hansa 303 \u00e0 Royan : places de 4\u00e8mes et 40\u00e8mes : Bravo !<\/a><\/h4>\n<h6 style=\"text-align: center;\">R\u00e9gates Mensuelles du CNP du 23\/10\/2021<\/h6>\n<p style=\"text-align: center;\"><a href=\"http:\/\/www.ffvoile.fr\/ffv\/sportif\/ClmtCompetDet.asp?clid=170591\" target=\"_blank\" rel=\"noopener\">Inters\u00e9rie D\u00e9riveurs du 23\/10\/2021<\/a><\/p>\n<p style=\"text-align: center;\"><a href=\"http:\/\/www.ffvoile.fr\/ffv\/sportif\/ClmtCompetDet.asp?clid=170592\" target=\"_blank\" rel=\"noopener\">Inters\u00e9rie Quillards de Sport du 23\/10\/202<\/a>1<\/p>\n<p style=\"text-align: center;\"><a href=\"https:\/\/club-nautique-pyreneen.fr\/wp-content\/uploads\/2021\/10\/Bilan_2021_Journe\u0301e_VOILE_FEMININE_et_Re\u0301gate_LANDELLES.pdf\" target=\"_blank\" rel=\"noopener\">Journ\u00e9e VOILE FEMININE et R\u00e9gate LAND\u2019ELLES<\/a><br \/>\nDimanche 17 octobre 2021 : <a href=\"http:\/\/www.ffvoile.fr\/ffv\/sportif\/ClmtCompetDet.asp?clid=170416\" target=\"_blank\" rel=\"noopener\">R\u00e9sultats<\/a><br \/>\nYC ISPE BISCARROSSE<\/p>\n<h6 style=\"text-align: center;\"><a href=\"https:\/\/club-nautique-pyreneen.fr\/wp-content\/uploads\/2021\/10\/LIBERTY-FINALI.pdf\" target=\"_blank\" rel=\"noopener\">Championnat du Monde Hansa Liberty Solo: du 2 au 9\/10\/2021<\/a> Bravo G\u00e9rard !<\/h6>\n<p>&nbsp;<\/p>\n<p style=\"text-align: center;\">R\u00e9sultats R\u00e9gates Mensuelles du CNP du 25\/09\/2021<\/p>\n<p style=\"text-align: center;\"><a href=\"http:\/\/www.ffvoile.fr\/ffv\/sportif\/ClmtCompetDet.asp?clid=169078\" target=\"_blank\" rel=\"noopener\">Inters\u00e9rie Quillards Voile l\u00e9g\u00e8re du 25\/09\/21<\/a><\/p>\n<p style=\"text-align: center;\"><a href=\"http:\/\/www.ffvoile.fr\/ffv\/sportif\/ClmtCompetDet.asp?clid=169079\" target=\"_blank\" rel=\"noopener\">Inters\u00e9rie D\u00e9riveurs du 25\/09\/21<\/a><\/p>\n<p style=\"text-align: center;\"><a href=\"http:\/\/www.ffvoile.fr\/ffv\/sportif\/ClmtCompetDet.asp?clid=167609\" target=\"_blank\" rel=\"noopener\">Philippe Castaing nous a repr\u00e9sent\u00e9s \u00e0 l&rsquo;Open de France 2021 \u00e0 Biscarosse en cat\u00e9gorie Medium d\u00e9but Ao\u00fbt<\/a><\/p>\n<p style=\"text-align: center;\"><a href=\"http:\/\/www.ffvoile.fr\/ffv\/sportif\/ClmtCompetDet.asp?clid=167211\" target=\"_blank\" rel=\"noopener\">G\u00e9rard Eychenne du CNP 4\u00e8me sur 33 au Championnat de France Handivalide \u00e0 Roscoff d\u00e9but Juillet 2021<\/a><\/p>\n<p style=\"text-align: center;\"><a href=\"http:\/\/www.ffvoile.fr\/ffv\/sportif\/ClmtCompetDet.asp?clid=166782\" target=\"_blank\" rel=\"noopener\">R\u00e9gate mensuelle du CNP du 26\/06\/21<\/a><\/p>\n<p style=\"text-align: center;\"><a href=\"http:\/\/www.ffvoile.fr\/ffv\/sportif\/ClmtCompetDet.asp?clid=166274\" target=\"_blank\" rel=\"noopener\">R\u00e9gate de Soustons du 12\/06\/21<\/a><\/p>\n<p style=\"text-align: center;\"><a href=\"https:\/\/club-nautique-pyreneen.fr\/wp-content\/uploads\/2021\/05\/Resultat-Regate-mensuelle-du-CNP-du-290521.pdf\" target=\"_blank\" rel=\"noopener\">R\u00e9gate mensuelle du CNP du 290521<\/a><\/p>\n<p style=\"text-align: center;\">R\u00e9gate de Bassin Criterium Socoa : nos jeunes en catamaran le 22\/06\/2019 :<\/p>\n<p style=\"text-align: center;\"><a href=\"https:\/\/www.ffvoile.fr\/ffv\/sportif\/ClmtCompetDet.asp?clid=156347\" target=\"_blank\" rel=\"noopener noreferrer\">Hobie Cat T1<\/a> , <a href=\"https:\/\/www.ffvoile.fr\/ffv\/sportif\/ClmtCompetDet.asp?clid=156348\" target=\"_blank\" rel=\"noopener noreferrer\">Topaz 12 pieds<\/a><\/p>\n<p style=\"text-align: center;\"><a href=\"http:\/\/www.ffvoile.fr\/ffv\/sportif\/ClmtCompetDet.asp?clid=155611\" target=\"_blank\" rel=\"noopener noreferrer\">Crit\u00e9rium D\u00e9partemental VentaCruz \u00e0 Ste Croix du Verdon, les 15 et 16\/06\/19 : <\/a><a href=\"http:\/\/www.ffvoile.fr\/ffv\/sportif\/ClmtCompetDet.asp?clid=155611\" target=\"_blank\" rel=\"noopener noreferrer\">Victoire de Thierry Beriou<\/a><\/p>\n<p style=\"text-align: center;\">Crit\u00e9rium Jeunes de Soustons Marensin du 16\/06\/19 : <a href=\"http:\/\/www.ffvoile.fr\/ffv\/sportif\/ClmtCompetDet.asp?clid=155595\" target=\"_blank\" rel=\"noopener noreferrer\">Victoire d&rsquo;Ambre You-Lequi !!!<\/a><\/p>\n<p style=\"text-align: center;\">R\u00e9sultat Championnat d&rsquo;Europe Dart 18 (catamaran) : <a href=\"http:\/\/www.ffvoile.fr\/ffv\/sportif\/ClmtCompetDet.asp?clid=154837\" target=\"_blank\" rel=\"noopener noreferrer\">Thierry Beriou 34\u00e8me sur 70<\/a><\/p>\n<p style=\"text-align: center;\">R\u00e9sultat Eurocat \u00e0 Carnac en Catamaran INC 4 : 1 victoire de Thierry Beriou :<\/p>\n<p style=\"text-align: center;\"><a href=\"http:\/\/www.ffvoile.fr\/ffv\/sportif\/ClmtCompetDet.asp?clid=154296\">Eurocat Inters\u00e9rie temps compens\u00e9 du 2 au 4\/05\/2019<\/a><\/p>\n<p style=\"text-align: center;\">R\u00e9sultats de notre membre \u00e9minent G\u00e9rard Eychenne : une victoire de plus :<\/p>\n<p style=\"text-align: center;\"><a href=\"http:\/\/www.ffvoile.fr\/ffv\/sportif\/ClmtCompetDet.asp?clid=152678\">Interligue Handivalide Carcans Maubuisson des 20 et 21 Avril 2019<\/a><\/p>\n<p style=\"text-align: center;\"><a href=\"http:\/\/www.ffvoile.fr\/ffv\/sportif\/ClmtCompetDet.asp?clid=152506\">Coupe Du Gabas du 14\/04\/2019 : <\/a><a href=\"http:\/\/www.ffvoile.fr\/ffv\/sportif\/ClmtCompetDet.asp?clid=152506\">Inters\u00e9rie Quillards de Sport Handivalide<\/a><\/p>\n<p style=\"text-align: center;\">Crit\u00e9rium des Pyr\u00e9n\u00e9es du 13\/04\/2019 : <a href=\"http:\/\/www.ffvoile.fr\/ffv\/sportif\/ClmtCompetDet.asp?clid=152507\">Inters\u00e9rie d\u00e9riveurs<\/a>,\u00a0 <a href=\"http:\/\/www.ffvoile.fr\/ffv\/sportif\/ClmtCompetDet.asp?clid=152508\">Open Bic<\/a>, <a href=\"http:\/\/www.ffvoile.fr\/ffv\/sportif\/ClmtCompetDet.asp?clid=152509\">Optimist<\/a><\/p>\n","protected":false},"excerpt":{"rendered":"<p>Vous trouverez ici les r\u00e9sultats des R\u00e9gates organis\u00e9es par le CNP et les r\u00e9sultats des comp\u00e9titions auxquelles nos membres ont particip\u00e9. troph\u00e9e Thierry Beriou Championnat de France Handivalide en double <a class=\"more-link\" href=\"https:\/\/club-nautique-pyreneen.fr\/index.php\/resultats-de-competitions\/\">Continue Reading &rarr;<\/a><\/p>\n","protected":false},"author":3,"featured_media":0,"parent":0,"menu_order":0,"comment_status":"closed","ping_status":"closed","template":"","meta":{"footnotes":""},"class_list":["post-354","page","type-page","status-publish","hentry"],"_links":{"self":[{"href":"https:\/\/club-nautique-pyreneen.fr\/index.php\/wp-json\/wp\/v2\/pages\/354","targetHints":{"allow":["GET"]}}],"collection":[{"href":"https:\/\/club-nautique-pyreneen.fr\/index.php\/wp-json\/wp\/v2\/pages"}],"about":[{"href":"https:\/\/club-nautique-pyreneen.fr\/index.php\/wp-json\/wp\/v2\/types\/page"}],"author":[{"embeddable":true,"href":"https:\/\/club-nautique-pyreneen.fr\/index.php\/wp-json\/wp\/v2\/users\/3"}],"replies":[{"embeddable":true,"href":"https:\/\/club-nautique-pyreneen.fr\/index.php\/wp-json\/wp\/v2\/comments?post=354"}],"version-history":[{"count":68,"href":"https:\/\/club-nautique-pyreneen.fr\/index.php\/wp-json\/wp\/v2\/pages\/354\/revisions"}],"predecessor-version":[{"id":1865,"href":"https:\/\/club-nautique-pyreneen.fr\/index.php\/wp-json\/wp\/v2\/pages\/354\/revisions\/1865"}],"wp:attachment":[{"href":"https:\/\/club-nautique-pyreneen.fr\/index.php\/wp-json\/wp\/v2\/media?parent=354"}],"curies":[{"name":"wp","href":"https:\/\/api.w.org\/{rel}","templated":true}]}}