{"id":317,"date":"2019-03-17T20:28:48","date_gmt":"2019-03-17T19:28:48","guid":{"rendered":"http:\/\/club-nautique-pyreneen.fr\/?page_id=317"},"modified":"2019-06-18T18:41:24","modified_gmt":"2019-06-18T16:41:24","slug":"seminaires","status":"publish","type":"page","link":"https:\/\/club-nautique-pyreneen.fr\/index.php\/seminaires\/","title":{"rendered":"Entreprise\/CE"},"content":{"rendered":"<p>S\u00c9MINAIRES ET COMIT\u00c9 ENTREPRISE<\/p>\n<p>Le Club Nautique Pyr\u00e9n\u00e9en vous propose des activit\u00e9s nautiques en direction des entreprises et des comit\u00e9s d\u2019entreprise.<\/p>\n<p><strong>Activit\u00e9 Team Building\u00a0:<\/strong><\/p>\n<p>Vous organisez un s\u00e9minaire ou un colloque, vous cherchez une activit\u00e9 attrayante et originale pour vos collaborateurs, nous vous proposons des formules \u00e0 la carte avec d\u00e9fi Multi-activit\u00e9s ou raid r\u00e9gate en catamaran.<\/p>\n<p>Activit\u00e9 id\u00e9ale pour dynamiser une \u00e9quipe dans une ambiance sportive et conviviale.<\/p>\n<p>La s\u00e9curit\u00e9 et l\u2019encadrement sont assur\u00e9s par des moniteurs dipl\u00f4m\u00e9s.<\/p>\n<p><em>Possibilit\u00e9 de salle de r\u00e9union et\/ou restauration avec des partenaires pour une journ\u00e9e alliant travail et d\u00e9tente.<\/em><\/p>\n<p>&nbsp;<\/p>\n<p><strong>Activit\u00e9 CE\u00a0:<\/strong><\/p>\n<p>Vous souhaitez organiser un moment convivial avec votre \u00e9quipe et leur famille, notre site est id\u00e9al pour venir pratiquer des activit\u00e9s nautiques (Voile, Stand Up Paddle, Cano\u00eb kayak) et profiter de ce lieu exceptionnel pour pique-niquer, faire un barbecue sur l\u2019espace public am\u00e9nag\u00e9 ou se faire livrer un repas par un traiteur partenaire.<\/p>\n<p>Nous vous mettrons \u00e0 disposition nos locaux et notre mat\u00e9riel (table, chaise, barnum,\u2026)<\/p>\n<p>&nbsp;<\/p>\n<p><strong>Sur mesure\u00a0:<\/strong><\/p>\n<p>En dehors de ces deux formules, nous sommes en mesure de r\u00e9pondre \u00e0 d\u2019autres demandes et d\u2019\u00e9tudier toute autre forme de projet que vous voudriez voir mis en \u0153uvre<\/p>\n","protected":false},"excerpt":{"rendered":"<p>S\u00c9MINAIRES ET COMIT\u00c9 ENTREPRISE Le Club Nautique Pyr\u00e9n\u00e9en vous propose des activit\u00e9s nautiques en direction des entreprises et des comit\u00e9s d\u2019entreprise. Activit\u00e9 Team Building\u00a0: Vous organisez un s\u00e9minaire ou un <a class=\"more-link\" href=\"https:\/\/club-nautique-pyreneen.fr\/index.php\/seminaires\/\">Continue Reading &rarr;<\/a><\/p>\n","protected":false},"author":5,"featured_media":0,"parent":0,"menu_order":0,"comment_status":"closed","ping_status":"closed","template":"","meta":{"footnotes":""},"class_list":["post-317","page","type-page","status-publish","hentry"],"_links":{"self":[{"href":"https:\/\/club-nautique-pyreneen.fr\/index.php\/wp-json\/wp\/v2\/pages\/317","targetHints":{"allow":["GET"]}}],"collection":[{"href":"https:\/\/club-nautique-pyreneen.fr\/index.php\/wp-json\/wp\/v2\/pages"}],"about":[{"href":"https:\/\/club-nautique-pyreneen.fr\/index.php\/wp-json\/wp\/v2\/types\/page"}],"author":[{"embeddable":true,"href":"https:\/\/club-nautique-pyreneen.fr\/index.php\/wp-json\/wp\/v2\/users\/5"}],"replies":[{"embeddable":true,"href":"https:\/\/club-nautique-pyreneen.fr\/index.php\/wp-json\/wp\/v2\/comments?post=317"}],"version-history":[{"count":6,"href":"https:\/\/club-nautique-pyreneen.fr\/index.php\/wp-json\/wp\/v2\/pages\/317\/revisions"}],"predecessor-version":[{"id":431,"href":"https:\/\/club-nautique-pyreneen.fr\/index.php\/wp-json\/wp\/v2\/pages\/317\/revisions\/431"}],"wp:attachment":[{"href":"https:\/\/club-nautique-pyreneen.fr\/index.php\/wp-json\/wp\/v2\/media?parent=317"}],"curies":[{"name":"wp","href":"https:\/\/api.w.org\/{rel}","templated":true}]}}