{"id":257,"date":"2019-03-09T09:28:21","date_gmt":"2019-03-09T08:28:21","guid":{"rendered":"http:\/\/club-nautique-pyreneen.fr\/?page_id=257"},"modified":"2026-05-08T16:53:43","modified_gmt":"2026-05-08T14:53:43","slug":"competitions-a-venir","status":"publish","type":"page","link":"https:\/\/club-nautique-pyreneen.fr\/index.php\/competitions-a-venir\/","title":{"rendered":"Comp\u00e9titions \u00e0 venir"},"content":{"rendered":"<div class=\"m_425140611438553589gmail-cartouche\" style=\"text-align: center;\">\n<div class=\"m_425140611438553589gmail-cartouche\">\n<h5><\/h5>\n<p><img loading=\"lazy\" decoding=\"async\" class=\"wp-image-25993 aligncenter\" style=\"font-family: inherit; font-style: inherit;\" src=\"https:\/\/club-nautique-pyreneen.fr\/wp-content\/uploads\/2026\/02\/24E5F753-430C-4475-B192-B880CF4F99FC.jpeg\" alt=\"\" width=\"669\" height=\"888\" \/><\/p>\n<p><a href=\"https:\/\/club-nautique-pyreneen.fr\/wp-content\/uploads\/2026\/04\/Avis-de-Course-Coupe-Regionale-Bearn-Bigorre-2026.pdf\">Avis de Course-Coupe R\u00e9gionale B\u00e9arn-Bigorre-2026<\/a><\/p>\n<p><a href=\"https:\/\/club-nautique-pyreneen.fr\/wp-content\/uploads\/2026\/05\/IC-Coupe-Regionale-Bearn-Bigorre-mai2026.pdf\">IC-Coupe R\u00e9gionale B\u00e9arn-Bigorre-mai2026<\/a><\/p>\n<\/div>\n<p><img loading=\"lazy\" decoding=\"async\" class=\"alignnone wp-image-26523 \" src=\"https:\/\/club-nautique-pyreneen.fr\/wp-content\/uploads\/2026\/04\/Green-and-White-Modern-Sports-Magazine.png\" alt=\"\" width=\"637\" height=\"897\" \/><\/p>\n<\/div>\n<div class=\"m_425140611438553589gmail-cartouche\" style=\"text-align: center;\">\n<div class=\"m_425140611438553589gmail-cartouche\">\n<h5><\/h5>\n<h5 style=\"text-align: center;\">Stage d\u00e9partemental 2026 \u00e0 domicile du17\u00a0au 19 Avril<\/h5>\n<p><img loading=\"lazy\" decoding=\"async\" class=\"alignnone size-large wp-image-22117\" src=\"https:\/\/club-nautique-pyreneen.fr\/wp-content\/uploads\/2025\/04\/20230419_121952-1024x768.jpg\" alt=\"\" width=\"678\" height=\"509\" srcset=\"https:\/\/club-nautique-pyreneen.fr\/wp-content\/uploads\/2025\/04\/20230419_121952-1024x768.jpg 1024w, https:\/\/club-nautique-pyreneen.fr\/wp-content\/uploads\/2025\/04\/20230419_121952-300x225.jpg 300w, https:\/\/club-nautique-pyreneen.fr\/wp-content\/uploads\/2025\/04\/20230419_121952-768x576.jpg 768w, https:\/\/club-nautique-pyreneen.fr\/wp-content\/uploads\/2025\/04\/20230419_121952-1536x1152.jpg 1536w, https:\/\/club-nautique-pyreneen.fr\/wp-content\/uploads\/2025\/04\/20230419_121952-2048x1536.jpg 2048w\" sizes=\"auto, (max-width: 678px) 100vw, 678px\" \/><\/p>\n<p><strong>OBJECTIFS DU STAGE : <\/strong><\/p>\n<\/div>\n<div class=\"m_425140611438553589gmail-cartouche\">&#8211; D\u00e9velopper et consolider la coh\u00e9sion de l\u2019\u00e9quipe d\u00e9partementale sur le premier niveau sportif.<\/div>\n<div class=\"m_425140611438553589gmail-cartouche\">&#8211; Auto \u00e9valuation de son niveau de pratique par la confrontation en situation de course. Technique :<\/div>\n<div class=\"m_425140611438553589gmail-cartouche\">&#8211; Comprendre et int\u00e9grer sa situation par rapport au vent &#8211; Prise de rep\u00e8res sur une ligne de d\u00e9part d\u00e9finir l\u2019option de d\u00e9part la plus favorable<\/div>\n<div class=\"m_425140611438553589gmail-cartouche\">&#8211; visualiser sa position sur un parcours, identifier les laylines et comprendre l\u2019int\u00e9r\u00eat de rester dans le cadre ainsi que la strat\u00e9gie \u00e0 adopter quand le vent bascule.<\/div>\n<div class=\"m_425140611438553589gmail-cartouche\">&#8211; Ext\u00e9rioriser la prise d\u2019information * les autres * les cibles * les obstacles &#8211; Apprendre les r\u00e8gles fondamentales de navigation \u00e0 la voile * capacit\u00e9 \u00e0 \u00e9viter les abordages * Principales r\u00e8gles de priorit\u00e9s * Proc\u00e9dure de d\u00e9part &#8211; Comp\u00e9tences sp\u00e9cifiques * Savoir arr\u00eater son bateau et repartir assez rapidement * Contr\u00f4ler sa vitesse \u00e0 toutes les allures * Avoir presqu\u2019en permanence une posture redress\u00e9e les yeux en dehors du bateau<\/div>\n<div class=\"m_425140611438553589gmail-cartouche\">&#8211; Appliquer le travail des 2 premiers jours en situation r\u00e9elle de r\u00e9gate lors d\u2019un crit\u00e9rium d\u00e9partemental<\/div>\n<div><\/div>\n<div class=\"m_425140611438553589gmail-cartouche\"><strong>Les horaires : 1er Jour : (10h30-17h00), 2\u00e9me Jour : (10H00-16h00) entrainement matin puis Crit\u00e9rium d\u00e9partemental<\/strong><\/div>\n<h1><a href=\"https:\/\/club-nautique-pyreneen.fr\/wp-content\/uploads\/2026\/04\/Avis-de-course-Criterium-Departemental-2026.pdf\">Avis de course Crit\u00e9rium D\u00e9partemental 2026<\/a><\/h1>\n<p><strong>R\u00e9gate de Club Inters\u00e9rie d\u00e9riveur : PRINTEMPS DU GABAS<\/strong><\/p>\n<p><img loading=\"lazy\" decoding=\"async\" class=\"alignnone size-large wp-image-17403\" src=\"https:\/\/club-nautique-pyreneen.fr\/wp-content\/uploads\/2024\/08\/IMG_20240330_154003-1024x768.jpg\" alt=\"\" width=\"678\" height=\"509\" srcset=\"https:\/\/club-nautique-pyreneen.fr\/wp-content\/uploads\/2024\/08\/IMG_20240330_154003-1024x768.jpg 1024w, https:\/\/club-nautique-pyreneen.fr\/wp-content\/uploads\/2024\/08\/IMG_20240330_154003-300x225.jpg 300w, https:\/\/club-nautique-pyreneen.fr\/wp-content\/uploads\/2024\/08\/IMG_20240330_154003-768x576.jpg 768w, https:\/\/club-nautique-pyreneen.fr\/wp-content\/uploads\/2024\/08\/IMG_20240330_154003-1536x1152.jpg 1536w, https:\/\/club-nautique-pyreneen.fr\/wp-content\/uploads\/2024\/08\/IMG_20240330_154003-2048x1536.jpg 2048w\" sizes=\"auto, (max-width: 678px) 100vw, 678px\" \/><\/p>\n<p><a href=\"https:\/\/club-nautique-pyreneen.fr\/wp-content\/uploads\/2026\/04\/Avis-de-course-Regate-Printemps-du-Gabas-2026.pdf\">Avis de course R\u00e9gate Printemps du Gabas 2026<\/a><\/p>\n<\/div>\n<h5><\/h5>\n<div class=\"m_425140611438553589gmail-cartouche\" style=\"text-align: center;\">\n<h5><\/h5>\n<p>&nbsp;<\/p>\n<\/div>\n<p>&nbsp;<\/p>\n<div class=\"m_425140611438553589gmail-cartouche\">\n<p>&nbsp;<\/p>\n<h1 style=\"text-align: center;\"><\/h1>\n<p>&nbsp;<\/p>\n<p>&nbsp;<\/p>\n<\/div>\n","protected":false},"excerpt":{"rendered":"<p>Avis de Course-Coupe R\u00e9gionale B\u00e9arn-Bigorre-2026 IC-Coupe R\u00e9gionale B\u00e9arn-Bigorre-mai2026 Stage d\u00e9partemental 2026 \u00e0 domicile du17\u00a0au 19 Avril OBJECTIFS DU STAGE : &#8211; D\u00e9velopper et consolider la coh\u00e9sion de l\u2019\u00e9quipe d\u00e9partementale sur <a class=\"more-link\" href=\"https:\/\/club-nautique-pyreneen.fr\/index.php\/competitions-a-venir\/\">Continue Reading &rarr;<\/a><\/p>\n","protected":false},"author":5,"featured_media":0,"parent":0,"menu_order":0,"comment_status":"closed","ping_status":"closed","template":"","meta":{"footnotes":""},"class_list":["post-257","page","type-page","status-publish","hentry"],"_links":{"self":[{"href":"https:\/\/club-nautique-pyreneen.fr\/index.php\/wp-json\/wp\/v2\/pages\/257","targetHints":{"allow":["GET"]}}],"collection":[{"href":"https:\/\/club-nautique-pyreneen.fr\/index.php\/wp-json\/wp\/v2\/pages"}],"about":[{"href":"https:\/\/club-nautique-pyreneen.fr\/index.php\/wp-json\/wp\/v2\/types\/page"}],"author":[{"embeddable":true,"href":"https:\/\/club-nautique-pyreneen.fr\/index.php\/wp-json\/wp\/v2\/users\/5"}],"replies":[{"embeddable":true,"href":"https:\/\/club-nautique-pyreneen.fr\/index.php\/wp-json\/wp\/v2\/comments?post=257"}],"version-history":[{"count":136,"href":"https:\/\/club-nautique-pyreneen.fr\/index.php\/wp-json\/wp\/v2\/pages\/257\/revisions"}],"predecessor-version":[{"id":26633,"href":"https:\/\/club-nautique-pyreneen.fr\/index.php\/wp-json\/wp\/v2\/pages\/257\/revisions\/26633"}],"wp:attachment":[{"href":"https:\/\/club-nautique-pyreneen.fr\/index.php\/wp-json\/wp\/v2\/media?parent=257"}],"curies":[{"name":"wp","href":"https:\/\/api.w.org\/{rel}","templated":true}]}}