{"id":20,"date":"2018-02-25T18:09:21","date_gmt":"2018-02-25T17:09:21","guid":{"rendered":"http:\/\/club-nautique-pyreneen.fr\/wp\/?page_id=20"},"modified":"2026-03-25T22:29:00","modified_gmt":"2026-03-25T21:29:00","slug":"le-modelisme-naval","status":"publish","type":"page","link":"https:\/\/club-nautique-pyreneen.fr\/index.php\/le-modelisme-naval\/","title":{"rendered":"Le mod\u00e9lisme naval"},"content":{"rendered":"<h2 style=\"text-align: center;\">Mod\u00e9lisme in GABAS<\/h2>\n<h2 style=\"text-align: center;\"><img loading=\"lazy\" decoding=\"async\" class=\"alignnone wp-image-26333 \" src=\"https:\/\/club-nautique-pyreneen.fr\/wp-content\/uploads\/2026\/03\/Table-of-Contents-Editorial-Box.png\" alt=\"\" width=\"376\" height=\"528\" \/><img loading=\"lazy\" decoding=\"async\" class=\"alignnone wp-image-26334 \" src=\"https:\/\/club-nautique-pyreneen.fr\/wp-content\/uploads\/2026\/03\/Table-of-Contents-Editorial-Box-1.png\" alt=\"\" width=\"377\" height=\"529\" \/><img loading=\"lazy\" decoding=\"async\" class=\"alignnone wp-image-26135 \" src=\"https:\/\/club-nautique-pyreneen.fr\/wp-content\/uploads\/2026\/02\/Affiche-tournoi-de-peche-illustratif.jpeg\" alt=\"\" width=\"532\" height=\"748\" \/><\/h2>\n<div id=\"attachment_26000\" style=\"width: 838px\" class=\"wp-caption alignnone\"><img loading=\"lazy\" decoding=\"async\" aria-describedby=\"caption-attachment-26000\" class=\"wp-image-26000 size-full\" src=\"https:\/\/club-nautique-pyreneen.fr\/wp-content\/uploads\/2026\/02\/IMG_3254.jpeg\" alt=\"\" width=\"828\" height=\"1160\" srcset=\"https:\/\/club-nautique-pyreneen.fr\/wp-content\/uploads\/2026\/02\/IMG_3254.jpeg 828w, https:\/\/club-nautique-pyreneen.fr\/wp-content\/uploads\/2026\/02\/IMG_3254-214x300.jpeg 214w, https:\/\/club-nautique-pyreneen.fr\/wp-content\/uploads\/2026\/02\/IMG_3254-731x1024.jpeg 731w, https:\/\/club-nautique-pyreneen.fr\/wp-content\/uploads\/2026\/02\/IMG_3254-768x1076.jpeg 768w\" sizes=\"auto, (max-width: 828px) 100vw, 828px\" \/><p id=\"caption-attachment-26000\" class=\"wp-caption-text\">Screenshot<\/p><\/div>\n<p>&nbsp;<\/p>\n<div id=\"attachment_26001\" style=\"width: 838px\" class=\"wp-caption alignnone\"><img loading=\"lazy\" decoding=\"async\" aria-describedby=\"caption-attachment-26001\" class=\"wp-image-26001 size-full\" src=\"https:\/\/club-nautique-pyreneen.fr\/wp-content\/uploads\/2026\/02\/IMG_3255.jpeg\" alt=\"\" width=\"828\" height=\"1237\" srcset=\"https:\/\/club-nautique-pyreneen.fr\/wp-content\/uploads\/2026\/02\/IMG_3255.jpeg 828w, https:\/\/club-nautique-pyreneen.fr\/wp-content\/uploads\/2026\/02\/IMG_3255-201x300.jpeg 201w, https:\/\/club-nautique-pyreneen.fr\/wp-content\/uploads\/2026\/02\/IMG_3255-685x1024.jpeg 685w, https:\/\/club-nautique-pyreneen.fr\/wp-content\/uploads\/2026\/02\/IMG_3255-768x1147.jpeg 768w\" sizes=\"auto, (max-width: 828px) 100vw, 828px\" \/><p id=\"caption-attachment-26001\" class=\"wp-caption-text\">Screenshot<\/p><\/div>\n<div id=\"attachment_26003\" style=\"width: 838px\" class=\"wp-caption alignnone\"><img loading=\"lazy\" decoding=\"async\" aria-describedby=\"caption-attachment-26003\" class=\"wp-image-26003 size-full\" src=\"https:\/\/club-nautique-pyreneen.fr\/wp-content\/uploads\/2026\/02\/IMG_3256.jpeg\" alt=\"\" width=\"828\" height=\"1157\" srcset=\"https:\/\/club-nautique-pyreneen.fr\/wp-content\/uploads\/2026\/02\/IMG_3256.jpeg 828w, https:\/\/club-nautique-pyreneen.fr\/wp-content\/uploads\/2026\/02\/IMG_3256-215x300.jpeg 215w, https:\/\/club-nautique-pyreneen.fr\/wp-content\/uploads\/2026\/02\/IMG_3256-733x1024.jpeg 733w, https:\/\/club-nautique-pyreneen.fr\/wp-content\/uploads\/2026\/02\/IMG_3256-768x1073.jpeg 768w\" sizes=\"auto, (max-width: 828px) 100vw, 828px\" \/><p id=\"caption-attachment-26003\" class=\"wp-caption-text\">Screenshot<\/p><\/div>\n<div id=\"attachment_26004\" style=\"width: 838px\" class=\"wp-caption alignnone\"><img loading=\"lazy\" decoding=\"async\" aria-describedby=\"caption-attachment-26004\" class=\"wp-image-26004 size-full\" src=\"https:\/\/club-nautique-pyreneen.fr\/wp-content\/uploads\/2026\/02\/IMG_3258.jpeg\" alt=\"\" width=\"828\" height=\"1140\" srcset=\"https:\/\/club-nautique-pyreneen.fr\/wp-content\/uploads\/2026\/02\/IMG_3258.jpeg 828w, https:\/\/club-nautique-pyreneen.fr\/wp-content\/uploads\/2026\/02\/IMG_3258-218x300.jpeg 218w, https:\/\/club-nautique-pyreneen.fr\/wp-content\/uploads\/2026\/02\/IMG_3258-744x1024.jpeg 744w, https:\/\/club-nautique-pyreneen.fr\/wp-content\/uploads\/2026\/02\/IMG_3258-768x1057.jpeg 768w\" sizes=\"auto, (max-width: 828px) 100vw, 828px\" \/><p id=\"caption-attachment-26004\" class=\"wp-caption-text\">Screenshot<\/p><\/div>\n<div id=\"attachment_26005\" style=\"width: 838px\" class=\"wp-caption alignnone\"><img loading=\"lazy\" decoding=\"async\" aria-describedby=\"caption-attachment-26005\" class=\"wp-image-26005 size-full\" src=\"https:\/\/club-nautique-pyreneen.fr\/wp-content\/uploads\/2026\/02\/IMG_3259.jpeg\" alt=\"\" width=\"828\" height=\"1142\" srcset=\"https:\/\/club-nautique-pyreneen.fr\/wp-content\/uploads\/2026\/02\/IMG_3259.jpeg 828w, https:\/\/club-nautique-pyreneen.fr\/wp-content\/uploads\/2026\/02\/IMG_3259-218x300.jpeg 218w, https:\/\/club-nautique-pyreneen.fr\/wp-content\/uploads\/2026\/02\/IMG_3259-742x1024.jpeg 742w, https:\/\/club-nautique-pyreneen.fr\/wp-content\/uploads\/2026\/02\/IMG_3259-768x1059.jpeg 768w\" sizes=\"auto, (max-width: 828px) 100vw, 828px\" \/><p id=\"caption-attachment-26005\" class=\"wp-caption-text\">Screenshot<\/p><\/div>\n<p>&nbsp;<\/p>\n<h2><\/h2>\n<h2 style=\"text-align: center;\"><span style=\"color: #0000ff;\"><br \/>\nle MODELISME au CNP<\/span><\/h2>\n<p>&nbsp;<\/p>\n<p><iframe loading=\"lazy\" title=\"mod\u00e9lisme naval \u00e0 Pau\" width=\"678\" height=\"381\" src=\"https:\/\/www.youtube.com\/embed\/GulEIGpJcOA?feature=oembed\" frameborder=\"0\" allow=\"accelerometer; autoplay; clipboard-write; encrypted-media; gyroscope; picture-in-picture; web-share\" referrerpolicy=\"strict-origin-when-cross-origin\" allowfullscreen><\/iframe><\/p>\n<p><img loading=\"lazy\" decoding=\"async\" class=\"alignnone wp-image-6198 size-full\" src=\"https:\/\/club-nautique-pyreneen.fr\/wp-content\/uploads\/2023\/01\/IMG_20230130_193236.jpg\" alt=\"\" width=\"1080\" height=\"1405\" srcset=\"https:\/\/club-nautique-pyreneen.fr\/wp-content\/uploads\/2023\/01\/IMG_20230130_193236.jpg 1080w, https:\/\/club-nautique-pyreneen.fr\/wp-content\/uploads\/2023\/01\/IMG_20230130_193236-231x300.jpg 231w, https:\/\/club-nautique-pyreneen.fr\/wp-content\/uploads\/2023\/01\/IMG_20230130_193236-787x1024.jpg 787w, https:\/\/club-nautique-pyreneen.fr\/wp-content\/uploads\/2023\/01\/IMG_20230130_193236-768x999.jpg 768w\" sizes=\"auto, (max-width: 1080px) 100vw, 1080px\" \/><\/p>\n<p><img loading=\"lazy\" decoding=\"async\" class=\"alignnone wp-image-6199 size-full\" src=\"https:\/\/club-nautique-pyreneen.fr\/wp-content\/uploads\/2023\/01\/IMG_20230130_193347.jpg\" alt=\"\" width=\"1010\" height=\"1428\" srcset=\"https:\/\/club-nautique-pyreneen.fr\/wp-content\/uploads\/2023\/01\/IMG_20230130_193347.jpg 1010w, https:\/\/club-nautique-pyreneen.fr\/wp-content\/uploads\/2023\/01\/IMG_20230130_193347-212x300.jpg 212w, https:\/\/club-nautique-pyreneen.fr\/wp-content\/uploads\/2023\/01\/IMG_20230130_193347-724x1024.jpg 724w, https:\/\/club-nautique-pyreneen.fr\/wp-content\/uploads\/2023\/01\/IMG_20230130_193347-768x1086.jpg 768w\" sizes=\"auto, (max-width: 1010px) 100vw, 1010px\" \/><\/p>\n<p><img loading=\"lazy\" decoding=\"async\" class=\"alignnone wp-image-6202 size-full\" src=\"https:\/\/club-nautique-pyreneen.fr\/wp-content\/uploads\/2023\/01\/IMG_20230130_193459.jpg\" alt=\"\" width=\"999\" height=\"1400\" srcset=\"https:\/\/club-nautique-pyreneen.fr\/wp-content\/uploads\/2023\/01\/IMG_20230130_193459.jpg 999w, https:\/\/club-nautique-pyreneen.fr\/wp-content\/uploads\/2023\/01\/IMG_20230130_193459-214x300.jpg 214w, https:\/\/club-nautique-pyreneen.fr\/wp-content\/uploads\/2023\/01\/IMG_20230130_193459-731x1024.jpg 731w, https:\/\/club-nautique-pyreneen.fr\/wp-content\/uploads\/2023\/01\/IMG_20230130_193459-768x1076.jpg 768w\" sizes=\"auto, (max-width: 999px) 100vw, 999px\" \/><\/p>\n<p><img loading=\"lazy\" decoding=\"async\" class=\"alignnone wp-image-6201 size-full\" src=\"https:\/\/club-nautique-pyreneen.fr\/wp-content\/uploads\/2023\/01\/IMG_20230130_193423.jpg\" alt=\"\" width=\"995\" height=\"1426\" srcset=\"https:\/\/club-nautique-pyreneen.fr\/wp-content\/uploads\/2023\/01\/IMG_20230130_193423.jpg 995w, https:\/\/club-nautique-pyreneen.fr\/wp-content\/uploads\/2023\/01\/IMG_20230130_193423-209x300.jpg 209w, https:\/\/club-nautique-pyreneen.fr\/wp-content\/uploads\/2023\/01\/IMG_20230130_193423-715x1024.jpg 715w, https:\/\/club-nautique-pyreneen.fr\/wp-content\/uploads\/2023\/01\/IMG_20230130_193423-768x1101.jpg 768w\" sizes=\"auto, (max-width: 995px) 100vw, 995px\" \/><\/p>\n<p><img loading=\"lazy\" decoding=\"async\" class=\"alignnone wp-image-6200 size-full\" src=\"https:\/\/club-nautique-pyreneen.fr\/wp-content\/uploads\/2023\/01\/IMG_20230130_193314.jpg\" alt=\"\" width=\"1008\" height=\"1392\" srcset=\"https:\/\/club-nautique-pyreneen.fr\/wp-content\/uploads\/2023\/01\/IMG_20230130_193314.jpg 1008w, https:\/\/club-nautique-pyreneen.fr\/wp-content\/uploads\/2023\/01\/IMG_20230130_193314-217x300.jpg 217w, https:\/\/club-nautique-pyreneen.fr\/wp-content\/uploads\/2023\/01\/IMG_20230130_193314-742x1024.jpg 742w, https:\/\/club-nautique-pyreneen.fr\/wp-content\/uploads\/2023\/01\/IMG_20230130_193314-768x1061.jpg 768w\" sizes=\"auto, (max-width: 1008px) 100vw, 1008px\" \/><\/p>\n<p><iframe loading=\"lazy\" title=\"MODELISME NAVALE\" width=\"678\" height=\"381\" src=\"https:\/\/www.youtube.com\/embed\/3rJ7vzlzJyc?feature=oembed\" frameborder=\"0\" allow=\"accelerometer; autoplay; clipboard-write; encrypted-media; gyroscope; picture-in-picture; web-share\" referrerpolicy=\"strict-origin-when-cross-origin\" allowfullscreen><\/iframe><\/p>\n<p><img loading=\"lazy\" decoding=\"async\" class=\"alignnone wp-image-3348 \" src=\"https:\/\/club-nautique-pyreneen.fr\/wp-content\/uploads\/2022\/07\/1655317059511-scaled.jpg\" alt=\"\" width=\"372\" height=\"490\" \/><img loading=\"lazy\" decoding=\"async\" class=\"wp-image-3346 alignright\" src=\"https:\/\/club-nautique-pyreneen.fr\/wp-content\/uploads\/2022\/07\/20220430_113529-scaled.jpg\" alt=\"\" width=\"365\" height=\"482\" \/><\/p>\n<hr \/>\n<p style=\"text-align: center;\"><img loading=\"lazy\" decoding=\"async\" class=\"alignnone size-medium wp-image-512\" src=\"https:\/\/club-nautique-pyreneen.fr\/wp-content\/uploads\/2019\/08\/100_7328-2-294x300.jpg\" alt=\"\" width=\"294\" height=\"300\" srcset=\"https:\/\/club-nautique-pyreneen.fr\/wp-content\/uploads\/2019\/08\/100_7328-2-294x300.jpg 294w, https:\/\/club-nautique-pyreneen.fr\/wp-content\/uploads\/2019\/08\/100_7328-2-768x784.jpg 768w, https:\/\/club-nautique-pyreneen.fr\/wp-content\/uploads\/2019\/08\/100_7328-2-1003x1024.jpg 1003w, https:\/\/club-nautique-pyreneen.fr\/wp-content\/uploads\/2019\/08\/100_7328-2.jpg 1600w\" sizes=\"auto, (max-width: 294px) 100vw, 294px\" \/><\/p>\n<p style=\"text-align: center;\">Championnat National classe C de maquettes statiques \u00e0 Villeveyrac (34) du 8 au 10 Juin 2019 :<\/p>\n<p style=\"text-align: center;\">1 m\u00e9daille d&rsquo;argent et 3 de bronze pour Mr Klpeka et Mr Pitilloni : <a href=\"https:\/\/modelismevilleveyracois.blog4ever.com\/photos\/championnats-de-france-2019-classe-c-statique\" target=\"_blank\" rel=\"noopener noreferrer\">Compte-rendu<\/a><\/p>\n","protected":false},"excerpt":{"rendered":"<p>Mod\u00e9lisme in GABAS &nbsp; &nbsp; le MODELISME au CNP &nbsp; Championnat National classe C de maquettes statiques \u00e0 Villeveyrac (34) du 8 au 10 Juin 2019 : 1 m\u00e9daille d&rsquo;argent <a class=\"more-link\" href=\"https:\/\/club-nautique-pyreneen.fr\/index.php\/le-modelisme-naval\/\">Continue Reading &rarr;<\/a><\/p>\n","protected":false},"author":1,"featured_media":0,"parent":0,"menu_order":0,"comment_status":"closed","ping_status":"closed","template":"","meta":{"footnotes":""},"class_list":["post-20","page","type-page","status-publish","hentry"],"_links":{"self":[{"href":"https:\/\/club-nautique-pyreneen.fr\/index.php\/wp-json\/wp\/v2\/pages\/20","targetHints":{"allow":["GET"]}}],"collection":[{"href":"https:\/\/club-nautique-pyreneen.fr\/index.php\/wp-json\/wp\/v2\/pages"}],"about":[{"href":"https:\/\/club-nautique-pyreneen.fr\/index.php\/wp-json\/wp\/v2\/types\/page"}],"author":[{"embeddable":true,"href":"https:\/\/club-nautique-pyreneen.fr\/index.php\/wp-json\/wp\/v2\/users\/1"}],"replies":[{"embeddable":true,"href":"https:\/\/club-nautique-pyreneen.fr\/index.php\/wp-json\/wp\/v2\/comments?post=20"}],"version-history":[{"count":19,"href":"https:\/\/club-nautique-pyreneen.fr\/index.php\/wp-json\/wp\/v2\/pages\/20\/revisions"}],"predecessor-version":[{"id":26336,"href":"https:\/\/club-nautique-pyreneen.fr\/index.php\/wp-json\/wp\/v2\/pages\/20\/revisions\/26336"}],"wp:attachment":[{"href":"https:\/\/club-nautique-pyreneen.fr\/index.php\/wp-json\/wp\/v2\/media?parent=20"}],"curies":[{"name":"wp","href":"https:\/\/api.w.org\/{rel}","templated":true}]}}