{"id":17,"date":"2018-02-25T18:08:28","date_gmt":"2018-02-25T17:08:28","guid":{"rendered":"http:\/\/club-nautique-pyreneen.fr\/wp\/?page_id=17"},"modified":"2025-05-22T17:20:43","modified_gmt":"2025-05-22T15:20:43","slug":"lhandi-voile","status":"publish","type":"page","link":"https:\/\/club-nautique-pyreneen.fr\/index.php\/lhandi-voile\/","title":{"rendered":"La pratique HANDIVOILE"},"content":{"rendered":"<div class=\"entry-content\">\n<p><img loading=\"lazy\" decoding=\"async\" class=\"alignnone size-large wp-image-22968\" src=\"https:\/\/club-nautique-pyreneen.fr\/wp-content\/uploads\/2025\/05\/IMG_2852-1024x683.jpg\" alt=\"\" width=\"678\" height=\"452\" srcset=\"https:\/\/club-nautique-pyreneen.fr\/wp-content\/uploads\/2025\/05\/IMG_2852-1024x683.jpg 1024w, https:\/\/club-nautique-pyreneen.fr\/wp-content\/uploads\/2025\/05\/IMG_2852-300x200.jpg 300w, https:\/\/club-nautique-pyreneen.fr\/wp-content\/uploads\/2025\/05\/IMG_2852-768x512.jpg 768w, https:\/\/club-nautique-pyreneen.fr\/wp-content\/uploads\/2025\/05\/IMG_2852-1536x1024.jpg 1536w, https:\/\/club-nautique-pyreneen.fr\/wp-content\/uploads\/2025\/05\/IMG_2852-2048x1365.jpg 2048w\" sizes=\"auto, (max-width: 678px) 100vw, 678px\" \/><\/p>\n<p>D\u00e8s sa gen\u00e8se, le principe de la navigation a \u00e9t\u00e9 suivi par des sp\u00e9cialistes \u00ab handisport \u00bb. Les activit\u00e9s nautiques se pr\u00eatent particuli\u00e8rement bien \u00e0 la pratique pour tout type de handicap.<\/p>\n<p>Les animateurs sportifs de l\u2019Arimoc, structure d\u2019accueil sp\u00e9cialis\u00e9 situ\u00e9e \u00e0 Saint-Jammes, ont \u00e9t\u00e9 les premiers \u00e0 accompagner des personnes en situation de handicap moteur sur notre plan d\u2019eau.<\/p>\n<p>Depuis, de nombreuses structures ont b\u00e9n\u00e9fici\u00e9 de notre savoir faire et de nos installations.<\/p>\n<p>L\u2019accueil de personnes en situation de handicap est facilit\u00e9e par la mise en place d\u2019am\u00e9nagements pour l&rsquo;accessibilit\u00e9 tels qu\u2019un ponton \u00e9quip\u00e9 d\u2019un l\u00e8ve personne pour les embarquements, de locaux adapt\u00e9s et accessibles dans sa globalit\u00e9, des places de parking \u00e0 proximit\u00e9 et de 4 bateaux type Hansa 303 et 4 Hansa 2.3 ainsi que plusieurs bateaux collectifs.<\/p>\n<p>Le C.N.P est affili\u00e9 Handisport, sport adapt\u00e9 et b\u00e9n\u00e9ficie de plusieurs labels<\/p>\n<p><img loading=\"lazy\" decoding=\"async\" class=\"alignnone size-large wp-image-22969\" src=\"https:\/\/club-nautique-pyreneen.fr\/wp-content\/uploads\/2025\/05\/IMG_2896-1024x683.jpg\" alt=\"\" width=\"678\" height=\"452\" srcset=\"https:\/\/club-nautique-pyreneen.fr\/wp-content\/uploads\/2025\/05\/IMG_2896-1024x683.jpg 1024w, https:\/\/club-nautique-pyreneen.fr\/wp-content\/uploads\/2025\/05\/IMG_2896-300x200.jpg 300w, https:\/\/club-nautique-pyreneen.fr\/wp-content\/uploads\/2025\/05\/IMG_2896-768x512.jpg 768w, https:\/\/club-nautique-pyreneen.fr\/wp-content\/uploads\/2025\/05\/IMG_2896-1536x1024.jpg 1536w, https:\/\/club-nautique-pyreneen.fr\/wp-content\/uploads\/2025\/05\/IMG_2896-2048x1365.jpg 2048w\" sizes=\"auto, (max-width: 678px) 100vw, 678px\" \/><\/p>\n<p><b>L&rsquo;historique\u00a0<\/b><\/p>\n<ul>\n<li>Un premier partenariat avec une structure locale : l\u2019ARIMOC<\/li>\n<li>Appel \u00e0 m\u00e9c\u00e9nat et subventions : acquisition ponton \u00e9quip\u00e9 et premiers bateaux handivoile HANSA 2.3<\/li>\n<li>Nouveau b\u00e2timent de la base de voile accessible (sanitaires, vestiaires, parking, \u2026)<\/li>\n<li>Recrutement d\u2019un BE Voile sur CDI temps plein titulaire des formations Handisport et Sport adapt\u00e9, motiv\u00e9 par notre projet<\/li>\n<li>Compl\u00e9ment de notre flotte avec des HANSA 303 par achat group\u00e9 FFVoile en contrat de leasing puis 2 autres mis \u00e0 disposition par l&rsquo;association classe.<\/li>\n<li>Jeune sourd form\u00e9 au club pour CQP initiateur voile, valid\u00e9 par la FFVoile, exer\u00e7ant d\u00e9sormais sur la p\u00e9riode estivale.<\/li>\n<li>Formation qualifiantes pour le salari\u00e9 : C\u00e9civoile, Voile bien-Etre et Voile Sant\u00e9 (sport sur ordonnance)<\/li>\n<li>Club r\u00e9f\u00e9rent Handivoile pour sud Aquitaine (formation accompagnateurs handivoile, conseil au d\u00e9veloppement)<\/li>\n<li>Adh\u00e9rent d\u00e9ficient visuel impliqu\u00e9 au niveau national dans l\u2019exp\u00e9rimentation et la validation de l\u2019application SARA de guidage auditif en navigation comp\u00e9tition sur smartphone<\/li>\n<\/ul>\n<p><b>L\u2019inclusion \u00e0 tous les niveaux au CNP<\/b><\/p>\n<p><i>Dans notre pratique de tous les jours<\/i><\/p>\n<ul>\n<li><b>Temps <\/b><b>de pratique des groupes en m\u00eame temps que les adh\u00e9rents club<\/b><\/li>\n<li><b>Temps de repas et convivialit\u00e9 partag\u00e9<\/b><\/li>\n<li><b>Ecole de voile jeunes du club mix\u00e9e avec cycle jeunes sport adapt\u00e9 le mercredi apr\u00e8s-midi<\/b><\/li>\n<li><b>S\u00e9ances En forme \u00e0 Pau Adulte et centres de loisir ouvertes aux personnes en situation de <\/b><b>handicap<\/b><\/li>\n<\/ul>\n<p><i>y compris en comp\u00e9tition\u2026<\/i><\/p>\n<ul>\n<li><b>Equipages mixte adulte en situation de handicap (moteur, d\u00e9ficient visuel, \u2026) et jeune valide en comp\u00e9tition<\/b><\/li>\n<\/ul>\n<p><b>Organisation d\u2019\u00e9preuves \u00ab\u00a0<\/b><b>Handivalides<\/b><b> \u00bb et participation au grands \u00e9v\u00e9nements.<\/b><\/p>\n<p><img loading=\"lazy\" decoding=\"async\" class=\"alignnone size-full wp-image-22970\" src=\"https:\/\/club-nautique-pyreneen.fr\/wp-content\/uploads\/2025\/05\/DSC_0364db4e.jpg\" alt=\"\" width=\"700\" height=\"465\" srcset=\"https:\/\/club-nautique-pyreneen.fr\/wp-content\/uploads\/2025\/05\/DSC_0364db4e.jpg 700w, https:\/\/club-nautique-pyreneen.fr\/wp-content\/uploads\/2025\/05\/DSC_0364db4e-300x199.jpg 300w\" sizes=\"auto, (max-width: 700px) 100vw, 700px\" \/><\/p>\n<p><em>Image du dernier championnat de France \u00e0 Cazaux en mai 2025<\/em><\/p>\n<\/div>\n","protected":false},"excerpt":{"rendered":"<p>D\u00e8s sa gen\u00e8se, le principe de la navigation a \u00e9t\u00e9 suivi par des sp\u00e9cialistes \u00ab handisport \u00bb. Les activit\u00e9s nautiques se pr\u00eatent particuli\u00e8rement bien \u00e0 la pratique pour tout type <a class=\"more-link\" href=\"https:\/\/club-nautique-pyreneen.fr\/index.php\/lhandi-voile\/\">Continue Reading &rarr;<\/a><\/p>\n","protected":false},"author":1,"featured_media":0,"parent":0,"menu_order":0,"comment_status":"closed","ping_status":"closed","template":"","meta":{"footnotes":""},"class_list":["post-17","page","type-page","status-publish","hentry"],"_links":{"self":[{"href":"https:\/\/club-nautique-pyreneen.fr\/index.php\/wp-json\/wp\/v2\/pages\/17","targetHints":{"allow":["GET"]}}],"collection":[{"href":"https:\/\/club-nautique-pyreneen.fr\/index.php\/wp-json\/wp\/v2\/pages"}],"about":[{"href":"https:\/\/club-nautique-pyreneen.fr\/index.php\/wp-json\/wp\/v2\/types\/page"}],"author":[{"embeddable":true,"href":"https:\/\/club-nautique-pyreneen.fr\/index.php\/wp-json\/wp\/v2\/users\/1"}],"replies":[{"embeddable":true,"href":"https:\/\/club-nautique-pyreneen.fr\/index.php\/wp-json\/wp\/v2\/comments?post=17"}],"version-history":[{"count":10,"href":"https:\/\/club-nautique-pyreneen.fr\/index.php\/wp-json\/wp\/v2\/pages\/17\/revisions"}],"predecessor-version":[{"id":22979,"href":"https:\/\/club-nautique-pyreneen.fr\/index.php\/wp-json\/wp\/v2\/pages\/17\/revisions\/22979"}],"wp:attachment":[{"href":"https:\/\/club-nautique-pyreneen.fr\/index.php\/wp-json\/wp\/v2\/media?parent=17"}],"curies":[{"name":"wp","href":"https:\/\/api.w.org\/{rel}","templated":true}]}}