{"id":14873,"date":"2024-04-03T17:42:45","date_gmt":"2024-04-03T15:42:45","guid":{"rendered":"https:\/\/club-nautique-pyreneen.fr\/?page_id=14873"},"modified":"2024-04-03T17:42:45","modified_gmt":"2024-04-03T15:42:45","slug":"projet-de-station-meteo","status":"publish","type":"page","link":"https:\/\/club-nautique-pyreneen.fr\/index.php\/projet-de-station-meteo\/","title":{"rendered":"Projet de Station m\u00e9t\u00e9o"},"content":{"rendered":"<p>Durant le printemps et le d\u00e9but d&rsquo;\u00e9t\u00e9 2024, un \u00e9tudiant en \u00e9cole d&rsquo;ing\u00e9nieur (Yann Perez-Ferron \/ CYTECH) et un \u00e9l\u00e8ve en classe de seconde (Imanol Mahieu \/ Lyc\u00e9e Saint-Cricq) vont travailler sur notre projet de station m\u00e9t\u00e9o exp\u00e9rimentale.<\/p>\n<p>Ce projet avait \u00e9t\u00e9 initialement d\u00e9velopp\u00e9 par Laurent Verdier dans le cadre d&rsquo;un projet Erasmus+ KA2 qui portait sur l&rsquo;\u00e9tude du climat et \u00e9tudi\u00e9 en cours par des \u00e9tudiants de BTS Syst\u00e8mes Num\u00e9riques mais aussi par des lyc\u00e9es en sp\u00e9cialit\u00e9 Informatique et Sciences du Num\u00e9rique puis Num\u00e9rique et Sciences Informatiques.<\/p>\n<p>Ci-dessous le projet initial Tryat :<\/p>\n<p><a href=\"https:\/\/club-nautique-pyreneen.fr\/wp-content\/uploads\/2024\/04\/IO4LVFR.pdf\">IO4LVFR<\/a><\/p>\n<p>Nous vous tiendrons inform\u00e9s de l&rsquo;avanc\u00e9e de ce projet sur cette page.<\/p>\n","protected":false},"excerpt":{"rendered":"<p>Durant le printemps et le d\u00e9but d&rsquo;\u00e9t\u00e9 2024, un \u00e9tudiant en \u00e9cole d&rsquo;ing\u00e9nieur (Yann Perez-Ferron \/ CYTECH) et un \u00e9l\u00e8ve en classe de seconde (Imanol Mahieu \/ Lyc\u00e9e Saint-Cricq) vont <a class=\"more-link\" href=\"https:\/\/club-nautique-pyreneen.fr\/index.php\/projet-de-station-meteo\/\">Continue Reading &rarr;<\/a><\/p>\n","protected":false},"author":1,"featured_media":0,"parent":0,"menu_order":0,"comment_status":"closed","ping_status":"closed","template":"","meta":{"footnotes":""},"class_list":["post-14873","page","type-page","status-publish","hentry"],"_links":{"self":[{"href":"https:\/\/club-nautique-pyreneen.fr\/index.php\/wp-json\/wp\/v2\/pages\/14873","targetHints":{"allow":["GET"]}}],"collection":[{"href":"https:\/\/club-nautique-pyreneen.fr\/index.php\/wp-json\/wp\/v2\/pages"}],"about":[{"href":"https:\/\/club-nautique-pyreneen.fr\/index.php\/wp-json\/wp\/v2\/types\/page"}],"author":[{"embeddable":true,"href":"https:\/\/club-nautique-pyreneen.fr\/index.php\/wp-json\/wp\/v2\/users\/1"}],"replies":[{"embeddable":true,"href":"https:\/\/club-nautique-pyreneen.fr\/index.php\/wp-json\/wp\/v2\/comments?post=14873"}],"version-history":[{"count":2,"href":"https:\/\/club-nautique-pyreneen.fr\/index.php\/wp-json\/wp\/v2\/pages\/14873\/revisions"}],"predecessor-version":[{"id":14878,"href":"https:\/\/club-nautique-pyreneen.fr\/index.php\/wp-json\/wp\/v2\/pages\/14873\/revisions\/14878"}],"wp:attachment":[{"href":"https:\/\/club-nautique-pyreneen.fr\/index.php\/wp-json\/wp\/v2\/media?parent=14873"}],"curies":[{"name":"wp","href":"https:\/\/api.w.org\/{rel}","templated":true}]}}