{"id":127,"date":"2018-05-13T17:42:46","date_gmt":"2018-05-13T15:42:46","guid":{"rendered":"http:\/\/club-nautique-pyreneen.fr\/wp\/?page_id=127"},"modified":"2026-04-01T21:24:15","modified_gmt":"2026-04-01T19:24:15","slug":"accueil","status":"publish","type":"page","link":"https:\/\/club-nautique-pyreneen.fr\/","title":{"rendered":"Bienvenu au Club Nautique Pyr\u00e9n\u00e9en"},"content":{"rendered":"<p style=\"text-align: center;\"><img loading=\"lazy\" decoding=\"async\" class=\"alignnone wp-image-7538 size-full\" src=\"https:\/\/club-nautique-pyreneen.fr\/wp-content\/uploads\/2023\/04\/flyerdesign_25042023_222151.jpg\" alt=\"\" width=\"1123\" height=\"794\" srcset=\"https:\/\/club-nautique-pyreneen.fr\/wp-content\/uploads\/2023\/04\/flyerdesign_25042023_222151.jpg 1123w, https:\/\/club-nautique-pyreneen.fr\/wp-content\/uploads\/2023\/04\/flyerdesign_25042023_222151-300x212.jpg 300w, https:\/\/club-nautique-pyreneen.fr\/wp-content\/uploads\/2023\/04\/flyerdesign_25042023_222151-1024x724.jpg 1024w, https:\/\/club-nautique-pyreneen.fr\/wp-content\/uploads\/2023\/04\/flyerdesign_25042023_222151-768x543.jpg 768w\" sizes=\"auto, (max-width: 1123px) 100vw, 1123px\" \/><\/p>\n<h3 style=\"text-align: center;\"><\/h3>\n<p>&nbsp;<\/p>\n<h5><a href=\"https:\/\/club-nautique-pyreneen.fr\/index.php\/2024\/05\/30\/club-nautique-pyreneen-recoit-le-coup-de-coeur-de-la-ligue\/\"><strong>CLUB COUP DE C\u0152UR DE LA LIGUE NOUVELLE AQUITAINE 2024<\/strong><\/a><\/h5>\n<hr \/>\n<h4><strong>La voile quel que soit votre choix de support, votre \u00e2ge, votre \u00e9tat et vos comp\u00e9tences, en stage, \u00e0 l\u2019ann\u00e9e, en prenant des cours collectifs ou individuels et bien s\u00fbr en autonomie.<\/strong><\/h4>\n<ul>\n<li><strong>Nous accueillons les centres de loisirs, les scolaires et toutes sortes de structures pour valides ou handicap\u00e9s,<\/strong><\/li>\n<li><strong>Les individuels pour une pratique en autonomie ou pour des cours particuliers,<\/strong><\/li>\n<li><strong>Les bateaux radio-command\u00e9s, la maquette,<\/strong><\/li>\n<li><strong>Le Stand-Up Paddle ( le cano\u00e9-kayak \u00e9galement sous certaines conditions ).<br \/>\n<\/strong><\/li>\n<\/ul>\n<p><strong>N\u2019h\u00e9sitez-pas \u00e0 vous renseigner : +33652168474, +33559219650. Mail : antoine.lion@nautisme-lacs-gabas.fr<\/strong><\/p>\n<p><strong>Pour rappel, la navigation sur le lac est r\u00e8glement\u00e9e et r\u00e9serv\u00e9e aux membres des clubs (Club Nautique Pyr\u00e9n\u00e9en, PPSUP, Pau-Cano\u00eb-Kayak) : <a href=\"https:\/\/club-nautique-pyreneen.fr\/index.php\/2018\/05\/13\/reglement-de-navigation\/\" target=\"_blank\" rel=\"noopener noreferrer\">voir ici !<\/a><\/strong><\/p>\n<h1 style=\"text-align: center;\"><a href=\"https:\/\/gabas-vintage-cup.my.canva.site\/actu-club\">pour l&rsquo;actu club avril cliquez ici<\/a><\/h1>\n<h1 style=\"text-align: center;\">regates \u00e0 venir en 2026<\/h1>\n<hr \/>\n<h3 style=\"text-align: center;\"><img loading=\"lazy\" decoding=\"async\" class=\"alignnone wp-image-25993 \" src=\"https:\/\/club-nautique-pyreneen.fr\/wp-content\/uploads\/2026\/02\/24E5F753-430C-4475-B192-B880CF4F99FC.jpeg\" alt=\"\" width=\"484\" height=\"642\" \/><\/h3>\n<p><img loading=\"lazy\" decoding=\"async\" class=\"wp-image-25994 aligncenter\" src=\"https:\/\/club-nautique-pyreneen.fr\/wp-content\/uploads\/2026\/02\/3.png\" alt=\"\" width=\"480\" height=\"675\" \/><\/p>\n<p><img loading=\"lazy\" decoding=\"async\" class=\"wp-image-26028 aligncenter\" src=\"https:\/\/club-nautique-pyreneen.fr\/wp-content\/uploads\/2026\/02\/Black-and-White-Stationery-Notes-A4-Document.png\" alt=\"\" width=\"464\" height=\"652\" \/><\/p>\n<hr \/>\n<hr \/>\n<h4 style=\"text-align: center;\"><strong>UNE ANNEE DE VOILE AVEC LE CLUB NAUTIQUE PYRENEEN<\/strong><\/h4>\n<p style=\"text-align: center;\"><strong>EN IMAGE<\/strong><\/p>\n<p style=\"text-align: center;\"><\/p>\n<h1><\/h1>\n<div class=\"m_425140611438553589gmail-cartouche\">\n<hr \/>\n<\/div>\n<h2 style=\"text-align: center;\"><strong>activit\u00e9 du CNP<\/strong><\/h2>\n<p><img loading=\"lazy\" decoding=\"async\" class=\"wp-image-7715 aligncenter\" src=\"https:\/\/club-nautique-pyreneen.fr\/wp-content\/uploads\/2023\/05\/Flyer_Maker_05052023_213223.jpg\" alt=\"\" width=\"494\" height=\"251\" \/><\/p>\n<p><img loading=\"lazy\" decoding=\"async\" class=\"wp-image-7571 aligncenter\" src=\"https:\/\/club-nautique-pyreneen.fr\/wp-content\/uploads\/2023\/04\/flyerdesign_27042023_212919.jpg\" alt=\"\" width=\"494\" height=\"253\" \/><\/p>\n<p><img loading=\"lazy\" decoding=\"async\" class=\"wp-image-8354 aligncenter\" src=\"https:\/\/club-nautique-pyreneen.fr\/wp-content\/uploads\/2023\/06\/Flyer_Maker_11062023_154030.jpg\" alt=\"\" width=\"510\" height=\"261\" \/><\/p>\n<p>&nbsp;<\/p>\n<p><img loading=\"lazy\" decoding=\"async\" class=\"aligncenter wp-image-8981 \" src=\"https:\/\/club-nautique-pyreneen.fr\/wp-content\/uploads\/2023\/07\/Screenshot_2023-07-10-12-36-30-403_com.google.android.apps_.docs2_.jpg\" alt=\"\" width=\"681\" height=\"1011\" \/><\/p>\n<div class=\"ZyFrc\" tabindex=\"0\" role=\"button\">\n<div class=\"eLAPa RzuR0\">\n<div class=\"elementor-element elementor-element-756fd86 elementor-widget elementor-widget-heading\" data-id=\"756fd86\" data-element_type=\"widget\" data-widget_type=\"heading.default\">\n<div class=\"elementor-widget-container\">\n<h1><\/h1>\n<\/div>\n<\/div>\n<div class=\"elementor-element elementor-element-5ae8362 elementor-widget elementor-widget-text-editor\" data-id=\"5ae8362\" data-element_type=\"widget\" data-widget_type=\"text-editor.default\">\n<div class=\"elementor-widget-container\"><\/div>\n<\/div>\n<\/div>\n<\/div>\n<p style=\"text-align: center;\"><img loading=\"lazy\" decoding=\"async\" class=\"alignnone wp-image-22797\" src=\"https:\/\/club-nautique-pyreneen.fr\/wp-content\/uploads\/2025\/05\/a02f427e-de2e-40ac-9a04-ee39358e559e-300x108.jpg\" alt=\"\" width=\"193\" height=\"76\" \/>\u00a0<img loading=\"lazy\" decoding=\"async\" class=\"wp-image-135 alignnone\" src=\"https:\/\/club-nautique-pyreneen.fr\/wp-content\/uploads\/2018\/05\/Ministere-sport-CNDS.png\" alt=\"\" width=\"122\" height=\"91\" \/><img loading=\"lazy\" decoding=\"async\" class=\"wp-image-132 alignnone\" src=\"https:\/\/club-nautique-pyreneen.fr\/wp-content\/uploads\/2018\/05\/siteon1.jpg\" alt=\"\" width=\"178\" height=\"88\" \/><img loading=\"lazy\" decoding=\"async\" class=\"wp-image-134 alignnone\" src=\"https:\/\/club-nautique-pyreneen.fr\/wp-content\/uploads\/2018\/05\/CD64.jpg\" alt=\"\" width=\"102\" height=\"94\" \/><img loading=\"lazy\" decoding=\"async\" class=\"wp-image-142 alignnone\" src=\"https:\/\/club-nautique-pyreneen.fr\/wp-content\/uploads\/2018\/05\/logoInter_soumoulou.jpg\" alt=\"\" width=\"214\" height=\"77\" \/> \u00a0\u00a0 <img loading=\"lazy\" decoding=\"async\" class=\"wp-image-133 alignnone\" src=\"https:\/\/club-nautique-pyreneen.fr\/wp-content\/uploads\/2018\/05\/LES-PIEDS-DANS-L-EAU.png\" alt=\"\" width=\"97\" height=\"75\" \/><img loading=\"lazy\" decoding=\"async\" class=\"wp-image-139 alignnone\" src=\"https:\/\/club-nautique-pyreneen.fr\/wp-content\/uploads\/2018\/05\/logo-magasin.jpg\" alt=\"\" width=\"238\" height=\"65\" \/> <img loading=\"lazy\" decoding=\"async\" class=\"size-full wp-image-176 alignnone\" src=\"https:\/\/club-nautique-pyreneen.fr\/wp-content\/uploads\/2018\/12\/casinoPau.png\" alt=\"\" width=\"188\" height=\"84\" \/> <img loading=\"lazy\" decoding=\"async\" class=\"alignnone wp-image-6752 \" src=\"https:\/\/club-nautique-pyreneen.fr\/wp-content\/uploads\/2023\/03\/1678816773312.jpg\" alt=\"\" width=\"116\" height=\"90\" \/><\/p>\n","protected":false},"excerpt":{"rendered":"<p>&nbsp; CLUB COUP DE C\u0152UR DE LA LIGUE NOUVELLE AQUITAINE 2024 La voile quel que soit votre choix de support, votre \u00e2ge, votre \u00e9tat et vos comp\u00e9tences, en stage, \u00e0 <a class=\"more-link\" href=\"https:\/\/club-nautique-pyreneen.fr\/\">Continue Reading &rarr;<\/a><\/p>\n","protected":false},"author":1,"featured_media":0,"parent":0,"menu_order":0,"comment_status":"closed","ping_status":"closed","template":"","meta":{"footnotes":""},"class_list":["post-127","page","type-page","status-publish","hentry"],"_links":{"self":[{"href":"https:\/\/club-nautique-pyreneen.fr\/index.php\/wp-json\/wp\/v2\/pages\/127","targetHints":{"allow":["GET"]}}],"collection":[{"href":"https:\/\/club-nautique-pyreneen.fr\/index.php\/wp-json\/wp\/v2\/pages"}],"about":[{"href":"https:\/\/club-nautique-pyreneen.fr\/index.php\/wp-json\/wp\/v2\/types\/page"}],"author":[{"embeddable":true,"href":"https:\/\/club-nautique-pyreneen.fr\/index.php\/wp-json\/wp\/v2\/users\/1"}],"replies":[{"embeddable":true,"href":"https:\/\/club-nautique-pyreneen.fr\/index.php\/wp-json\/wp\/v2\/comments?post=127"}],"version-history":[{"count":405,"href":"https:\/\/club-nautique-pyreneen.fr\/index.php\/wp-json\/wp\/v2\/pages\/127\/revisions"}],"predecessor-version":[{"id":26392,"href":"https:\/\/club-nautique-pyreneen.fr\/index.php\/wp-json\/wp\/v2\/pages\/127\/revisions\/26392"}],"wp:attachment":[{"href":"https:\/\/club-nautique-pyreneen.fr\/index.php\/wp-json\/wp\/v2\/media?parent=127"}],"curies":[{"name":"wp","href":"https:\/\/api.w.org\/{rel}","templated":true}]}}